{"id":871,"date":"2019-02-26T14:24:03","date_gmt":"2019-02-26T13:24:03","guid":{"rendered":"http:\/\/bordoband.cz\/?page_id=871"},"modified":"2019-07-29T13:47:11","modified_gmt":"2019-07-29T11:47:11","slug":"vanocni-koncert-27-12-2018","status":"publish","type":"page","link":"https:\/\/bordoband.cz\/index.php\/fanzone\/fotogalerie\/vanocni-koncert-27-12-2018\/","title":{"rendered":"V\u00e1no\u010dn\u00ed koncert 27.12.2018"},"content":{"rendered":"\t\t<div data-elementor-type=\"wp-post\" data-elementor-id=\"871\" class=\"elementor elementor-871 elementor-bc-flex-widget\" data-elementor-post-type=\"page\">\n\t\t\t\t\t\t<section class=\"elementor-section elementor-top-section elementor-element elementor-element-a07a7f0 elementor-section-boxed elementor-section-height-default elementor-section-height-default elementor-invisible\" data-id=\"a07a7f0\" data-element_type=\"section\" data-e-type=\"section\" data-settings=\"{&quot;animation&quot;:&quot;fadeIn&quot;}\">\n\t\t\t\t\t\t<div class=\"elementor-container elementor-column-gap-default\">\n\t\t\t\t\t<div class=\"elementor-column elementor-col-100 elementor-top-column elementor-element elementor-element-857053b\" data-id=\"857053b\" data-element_type=\"column\" data-e-type=\"column\">\n\t\t\t<div class=\"elementor-widget-wrap elementor-element-populated\">\n\t\t\t\t\t\t<div class=\"elementor-element elementor-element-0b64845 elementor-widget elementor-widget-image-gallery\" data-id=\"0b64845\" data-element_type=\"widget\" data-e-type=\"widget\" data-widget_type=\"image-gallery.default\">\n\t\t\t\t<div class=\"elementor-widget-container\">\n\t\t\t\t\t\t\t<div class=\"elementor-image-gallery\">\n\t\t\t<div id='gallery-1' class='gallery galleryid-871 gallery-columns-5 gallery-size-my-music-band-testimonial'><figure class='gallery-item'>\n\t\t\t<div class='gallery-icon landscape'>\n\t\t\t\t<a data-elementor-open-lightbox=\"yes\" data-elementor-lightbox-slideshow=\"0b64845\" data-elementor-lightbox-title=\"140_fotogalerie\" data-e-action-hash=\"#elementor-action%3Aaction%3Dlightbox%26settings%3DeyJpZCI6NzM3LCJ1cmwiOiJodHRwczpcL1wvYm9yZG9iYW5kLmN6XC93cC1jb250ZW50XC91cGxvYWRzXC8yMDE5XC8wMlwvMTQwX2ZvdG9nYWxlcmllLTEuanBnIiwic2xpZGVzaG93IjoiMGI2NDg0NSJ9\" href='https:\/\/bordoband.cz\/wp-content\/uploads\/2019\/02\/140_fotogalerie-1.jpg'><img decoding=\"async\" width=\"180\" height=\"180\" src=\"https:\/\/bordoband.cz\/wp-content\/uploads\/2019\/02\/140_fotogalerie-1-180x180.jpg\" class=\"attachment-my-music-band-testimonial size-my-music-band-testimonial\" alt=\"\" srcset=\"https:\/\/bordoband.cz\/wp-content\/uploads\/2019\/02\/140_fotogalerie-1-180x180.jpg 180w, https:\/\/bordoband.cz\/wp-content\/uploads\/2019\/02\/140_fotogalerie-1-150x150.jpg 150w, https:\/\/bordoband.cz\/wp-content\/uploads\/2019\/02\/140_fotogalerie-1-640x640.jpg 640w\" sizes=\"(max-width: 180px) 100vw, 180px\" \/><\/a>\n\t\t\t<\/div><\/figure><figure class='gallery-item'>\n\t\t\t<div class='gallery-icon landscape'>\n\t\t\t\t<a data-elementor-open-lightbox=\"yes\" data-elementor-lightbox-slideshow=\"0b64845\" data-elementor-lightbox-title=\"139_fotogalerie\" data-e-action-hash=\"#elementor-action%3Aaction%3Dlightbox%26settings%3DeyJpZCI6NzM2LCJ1cmwiOiJodHRwczpcL1wvYm9yZG9iYW5kLmN6XC93cC1jb250ZW50XC91cGxvYWRzXC8yMDE5XC8wMlwvMTM5X2ZvdG9nYWxlcmllLTEuanBnIiwic2xpZGVzaG93IjoiMGI2NDg0NSJ9\" href='https:\/\/bordoband.cz\/wp-content\/uploads\/2019\/02\/139_fotogalerie-1.jpg'><img decoding=\"async\" width=\"180\" height=\"180\" src=\"https:\/\/bordoband.cz\/wp-content\/uploads\/2019\/02\/139_fotogalerie-1-180x180.jpg\" class=\"attachment-my-music-band-testimonial size-my-music-band-testimonial\" alt=\"\" srcset=\"https:\/\/bordoband.cz\/wp-content\/uploads\/2019\/02\/139_fotogalerie-1-180x180.jpg 180w, https:\/\/bordoband.cz\/wp-content\/uploads\/2019\/02\/139_fotogalerie-1-150x150.jpg 150w, https:\/\/bordoband.cz\/wp-content\/uploads\/2019\/02\/139_fotogalerie-1-640x640.jpg 640w\" sizes=\"(max-width: 180px) 100vw, 180px\" \/><\/a>\n\t\t\t<\/div><\/figure><figure class='gallery-item'>\n\t\t\t<div class='gallery-icon landscape'>\n\t\t\t\t<a data-elementor-open-lightbox=\"yes\" data-elementor-lightbox-slideshow=\"0b64845\" data-elementor-lightbox-title=\"138_fotogalerie\" data-e-action-hash=\"#elementor-action%3Aaction%3Dlightbox%26settings%3DeyJpZCI6NzM1LCJ1cmwiOiJodHRwczpcL1wvYm9yZG9iYW5kLmN6XC93cC1jb250ZW50XC91cGxvYWRzXC8yMDE5XC8wMlwvMTM4X2ZvdG9nYWxlcmllLTEuanBnIiwic2xpZGVzaG93IjoiMGI2NDg0NSJ9\" href='https:\/\/bordoband.cz\/wp-content\/uploads\/2019\/02\/138_fotogalerie-1.jpg'><img decoding=\"async\" width=\"180\" height=\"180\" src=\"https:\/\/bordoband.cz\/wp-content\/uploads\/2019\/02\/138_fotogalerie-1-180x180.jpg\" class=\"attachment-my-music-band-testimonial size-my-music-band-testimonial\" alt=\"\" srcset=\"https:\/\/bordoband.cz\/wp-content\/uploads\/2019\/02\/138_fotogalerie-1-180x180.jpg 180w, https:\/\/bordoband.cz\/wp-content\/uploads\/2019\/02\/138_fotogalerie-1-150x150.jpg 150w, https:\/\/bordoband.cz\/wp-content\/uploads\/2019\/02\/138_fotogalerie-1-640x640.jpg 640w\" sizes=\"(max-width: 180px) 100vw, 180px\" \/><\/a>\n\t\t\t<\/div><\/figure><figure class='gallery-item'>\n\t\t\t<div class='gallery-icon landscape'>\n\t\t\t\t<a data-elementor-open-lightbox=\"yes\" data-elementor-lightbox-slideshow=\"0b64845\" data-elementor-lightbox-title=\"137_fotogalerie\" data-e-action-hash=\"#elementor-action%3Aaction%3Dlightbox%26settings%3DeyJpZCI6NzM0LCJ1cmwiOiJodHRwczpcL1wvYm9yZG9iYW5kLmN6XC93cC1jb250ZW50XC91cGxvYWRzXC8yMDE5XC8wMlwvMTM3X2ZvdG9nYWxlcmllLTEuanBnIiwic2xpZGVzaG93IjoiMGI2NDg0NSJ9\" href='https:\/\/bordoband.cz\/wp-content\/uploads\/2019\/02\/137_fotogalerie-1.jpg'><img loading=\"lazy\" decoding=\"async\" width=\"180\" height=\"180\" src=\"https:\/\/bordoband.cz\/wp-content\/uploads\/2019\/02\/137_fotogalerie-1-180x180.jpg\" class=\"attachment-my-music-band-testimonial size-my-music-band-testimonial\" alt=\"\" srcset=\"https:\/\/bordoband.cz\/wp-content\/uploads\/2019\/02\/137_fotogalerie-1-180x180.jpg 180w, https:\/\/bordoband.cz\/wp-content\/uploads\/2019\/02\/137_fotogalerie-1-150x150.jpg 150w, https:\/\/bordoband.cz\/wp-content\/uploads\/2019\/02\/137_fotogalerie-1-640x640.jpg 640w\" sizes=\"(max-width: 180px) 100vw, 180px\" \/><\/a>\n\t\t\t<\/div><\/figure><figure class='gallery-item'>\n\t\t\t<div class='gallery-icon landscape'>\n\t\t\t\t<a data-elementor-open-lightbox=\"yes\" data-elementor-lightbox-slideshow=\"0b64845\" data-elementor-lightbox-title=\"136_fotogalerie\" data-e-action-hash=\"#elementor-action%3Aaction%3Dlightbox%26settings%3DeyJpZCI6NzMzLCJ1cmwiOiJodHRwczpcL1wvYm9yZG9iYW5kLmN6XC93cC1jb250ZW50XC91cGxvYWRzXC8yMDE5XC8wMlwvMTM2X2ZvdG9nYWxlcmllLTEuanBnIiwic2xpZGVzaG93IjoiMGI2NDg0NSJ9\" href='https:\/\/bordoband.cz\/wp-content\/uploads\/2019\/02\/136_fotogalerie-1.jpg'><img loading=\"lazy\" decoding=\"async\" width=\"180\" height=\"180\" src=\"https:\/\/bordoband.cz\/wp-content\/uploads\/2019\/02\/136_fotogalerie-1-180x180.jpg\" class=\"attachment-my-music-band-testimonial size-my-music-band-testimonial\" alt=\"\" srcset=\"https:\/\/bordoband.cz\/wp-content\/uploads\/2019\/02\/136_fotogalerie-1-180x180.jpg 180w, https:\/\/bordoband.cz\/wp-content\/uploads\/2019\/02\/136_fotogalerie-1-150x150.jpg 150w, https:\/\/bordoband.cz\/wp-content\/uploads\/2019\/02\/136_fotogalerie-1-640x640.jpg 640w\" sizes=\"(max-width: 180px) 100vw, 180px\" \/><\/a>\n\t\t\t<\/div><\/figure><figure class='gallery-item'>\n\t\t\t<div class='gallery-icon portrait'>\n\t\t\t\t<a data-elementor-open-lightbox=\"yes\" data-elementor-lightbox-slideshow=\"0b64845\" data-elementor-lightbox-title=\"134_fotogalerie\" data-e-action-hash=\"#elementor-action%3Aaction%3Dlightbox%26settings%3DeyJpZCI6NzMxLCJ1cmwiOiJodHRwczpcL1wvYm9yZG9iYW5kLmN6XC93cC1jb250ZW50XC91cGxvYWRzXC8yMDE5XC8wMlwvMTM0X2ZvdG9nYWxlcmllLTEuanBnIiwic2xpZGVzaG93IjoiMGI2NDg0NSJ9\" href='https:\/\/bordoband.cz\/wp-content\/uploads\/2019\/02\/134_fotogalerie-1.jpg'><img loading=\"lazy\" decoding=\"async\" width=\"180\" height=\"180\" src=\"https:\/\/bordoband.cz\/wp-content\/uploads\/2019\/02\/134_fotogalerie-1-180x180.jpg\" class=\"attachment-my-music-band-testimonial size-my-music-band-testimonial\" alt=\"\" srcset=\"https:\/\/bordoband.cz\/wp-content\/uploads\/2019\/02\/134_fotogalerie-1-180x180.jpg 180w, https:\/\/bordoband.cz\/wp-content\/uploads\/2019\/02\/134_fotogalerie-1-150x150.jpg 150w, https:\/\/bordoband.cz\/wp-content\/uploads\/2019\/02\/134_fotogalerie-1-640x640.jpg 640w\" sizes=\"(max-width: 180px) 100vw, 180px\" \/><\/a>\n\t\t\t<\/div><\/figure><figure class='gallery-item'>\n\t\t\t<div class='gallery-icon landscape'>\n\t\t\t\t<a data-elementor-open-lightbox=\"yes\" data-elementor-lightbox-slideshow=\"0b64845\" data-elementor-lightbox-title=\"135_fotogalerie\" data-e-action-hash=\"#elementor-action%3Aaction%3Dlightbox%26settings%3DeyJpZCI6NzMyLCJ1cmwiOiJodHRwczpcL1wvYm9yZG9iYW5kLmN6XC93cC1jb250ZW50XC91cGxvYWRzXC8yMDE5XC8wMlwvMTM1X2ZvdG9nYWxlcmllLmpwZyIsInNsaWRlc2hvdyI6IjBiNjQ4NDUifQ%3D%3D\" href='https:\/\/bordoband.cz\/wp-content\/uploads\/2019\/02\/135_fotogalerie.jpg'><img loading=\"lazy\" decoding=\"async\" width=\"180\" height=\"180\" src=\"https:\/\/bordoband.cz\/wp-content\/uploads\/2019\/02\/135_fotogalerie-180x180.jpg\" class=\"attachment-my-music-band-testimonial size-my-music-band-testimonial\" alt=\"\" srcset=\"https:\/\/bordoband.cz\/wp-content\/uploads\/2019\/02\/135_fotogalerie-180x180.jpg 180w, https:\/\/bordoband.cz\/wp-content\/uploads\/2019\/02\/135_fotogalerie-150x150.jpg 150w, https:\/\/bordoband.cz\/wp-content\/uploads\/2019\/02\/135_fotogalerie-640x640.jpg 640w\" sizes=\"(max-width: 180px) 100vw, 180px\" \/><\/a>\n\t\t\t<\/div><\/figure><figure class='gallery-item'>\n\t\t\t<div class='gallery-icon landscape'>\n\t\t\t\t<a data-elementor-open-lightbox=\"yes\" data-elementor-lightbox-slideshow=\"0b64845\" data-elementor-lightbox-title=\"125_fotogalerie\" data-e-action-hash=\"#elementor-action%3Aaction%3Dlightbox%26settings%3DeyJpZCI6NzIyLCJ1cmwiOiJodHRwczpcL1wvYm9yZG9iYW5kLmN6XC93cC1jb250ZW50XC91cGxvYWRzXC8yMDE5XC8wMlwvMTI1X2ZvdG9nYWxlcmllLTEuanBnIiwic2xpZGVzaG93IjoiMGI2NDg0NSJ9\" href='https:\/\/bordoband.cz\/wp-content\/uploads\/2019\/02\/125_fotogalerie-1.jpg'><img loading=\"lazy\" decoding=\"async\" width=\"180\" height=\"180\" src=\"https:\/\/bordoband.cz\/wp-content\/uploads\/2019\/02\/125_fotogalerie-1-180x180.jpg\" class=\"attachment-my-music-band-testimonial size-my-music-band-testimonial\" alt=\"\" srcset=\"https:\/\/bordoband.cz\/wp-content\/uploads\/2019\/02\/125_fotogalerie-1-180x180.jpg 180w, https:\/\/bordoband.cz\/wp-content\/uploads\/2019\/02\/125_fotogalerie-1-150x150.jpg 150w, https:\/\/bordoband.cz\/wp-content\/uploads\/2019\/02\/125_fotogalerie-1-640x640.jpg 640w\" sizes=\"(max-width: 180px) 100vw, 180px\" \/><\/a>\n\t\t\t<\/div><\/figure><figure class='gallery-item'>\n\t\t\t<div class='gallery-icon landscape'>\n\t\t\t\t<a data-elementor-open-lightbox=\"yes\" data-elementor-lightbox-slideshow=\"0b64845\" data-elementor-lightbox-title=\"126_fotogalerie\" data-e-action-hash=\"#elementor-action%3Aaction%3Dlightbox%26settings%3DeyJpZCI6NzIzLCJ1cmwiOiJodHRwczpcL1wvYm9yZG9iYW5kLmN6XC93cC1jb250ZW50XC91cGxvYWRzXC8yMDE5XC8wMlwvMTI2X2ZvdG9nYWxlcmllLTEuanBnIiwic2xpZGVzaG93IjoiMGI2NDg0NSJ9\" href='https:\/\/bordoband.cz\/wp-content\/uploads\/2019\/02\/126_fotogalerie-1.jpg'><img loading=\"lazy\" decoding=\"async\" width=\"180\" height=\"180\" src=\"https:\/\/bordoband.cz\/wp-content\/uploads\/2019\/02\/126_fotogalerie-1-180x180.jpg\" class=\"attachment-my-music-band-testimonial size-my-music-band-testimonial\" alt=\"\" srcset=\"https:\/\/bordoband.cz\/wp-content\/uploads\/2019\/02\/126_fotogalerie-1-180x180.jpg 180w, https:\/\/bordoband.cz\/wp-content\/uploads\/2019\/02\/126_fotogalerie-1-150x150.jpg 150w, https:\/\/bordoband.cz\/wp-content\/uploads\/2019\/02\/126_fotogalerie-1-640x640.jpg 640w\" sizes=\"(max-width: 180px) 100vw, 180px\" \/><\/a>\n\t\t\t<\/div><\/figure><figure class='gallery-item'>\n\t\t\t<div class='gallery-icon landscape'>\n\t\t\t\t<a data-elementor-open-lightbox=\"yes\" data-elementor-lightbox-slideshow=\"0b64845\" data-elementor-lightbox-title=\"128_fotogalerie\" data-e-action-hash=\"#elementor-action%3Aaction%3Dlightbox%26settings%3DeyJpZCI6NzI1LCJ1cmwiOiJodHRwczpcL1wvYm9yZG9iYW5kLmN6XC93cC1jb250ZW50XC91cGxvYWRzXC8yMDE5XC8wMlwvMTI4X2ZvdG9nYWxlcmllLmpwZyIsInNsaWRlc2hvdyI6IjBiNjQ4NDUifQ%3D%3D\" href='https:\/\/bordoband.cz\/wp-content\/uploads\/2019\/02\/128_fotogalerie.jpg'><img loading=\"lazy\" decoding=\"async\" width=\"180\" height=\"180\" src=\"https:\/\/bordoband.cz\/wp-content\/uploads\/2019\/02\/128_fotogalerie-180x180.jpg\" class=\"attachment-my-music-band-testimonial size-my-music-band-testimonial\" alt=\"\" srcset=\"https:\/\/bordoband.cz\/wp-content\/uploads\/2019\/02\/128_fotogalerie-180x180.jpg 180w, https:\/\/bordoband.cz\/wp-content\/uploads\/2019\/02\/128_fotogalerie-150x150.jpg 150w, https:\/\/bordoband.cz\/wp-content\/uploads\/2019\/02\/128_fotogalerie-640x640.jpg 640w\" sizes=\"(max-width: 180px) 100vw, 180px\" \/><\/a>\n\t\t\t<\/div><\/figure><figure class='gallery-item'>\n\t\t\t<div class='gallery-icon landscape'>\n\t\t\t\t<a data-elementor-open-lightbox=\"yes\" data-elementor-lightbox-slideshow=\"0b64845\" data-elementor-lightbox-title=\"127_fotogalerie\" data-e-action-hash=\"#elementor-action%3Aaction%3Dlightbox%26settings%3DeyJpZCI6NzI0LCJ1cmwiOiJodHRwczpcL1wvYm9yZG9iYW5kLmN6XC93cC1jb250ZW50XC91cGxvYWRzXC8yMDE5XC8wMlwvMTI3X2ZvdG9nYWxlcmllLTEuanBnIiwic2xpZGVzaG93IjoiMGI2NDg0NSJ9\" href='https:\/\/bordoband.cz\/wp-content\/uploads\/2019\/02\/127_fotogalerie-1.jpg'><img loading=\"lazy\" decoding=\"async\" width=\"180\" height=\"180\" src=\"https:\/\/bordoband.cz\/wp-content\/uploads\/2019\/02\/127_fotogalerie-1-180x180.jpg\" class=\"attachment-my-music-band-testimonial size-my-music-band-testimonial\" alt=\"\" srcset=\"https:\/\/bordoband.cz\/wp-content\/uploads\/2019\/02\/127_fotogalerie-1-180x180.jpg 180w, https:\/\/bordoband.cz\/wp-content\/uploads\/2019\/02\/127_fotogalerie-1-150x150.jpg 150w, https:\/\/bordoband.cz\/wp-content\/uploads\/2019\/02\/127_fotogalerie-1-640x640.jpg 640w\" sizes=\"(max-width: 180px) 100vw, 180px\" \/><\/a>\n\t\t\t<\/div><\/figure><figure class='gallery-item'>\n\t\t\t<div class='gallery-icon landscape'>\n\t\t\t\t<a data-elementor-open-lightbox=\"yes\" data-elementor-lightbox-slideshow=\"0b64845\" data-elementor-lightbox-title=\"129_fotogalerie\" data-e-action-hash=\"#elementor-action%3Aaction%3Dlightbox%26settings%3DeyJpZCI6NzI2LCJ1cmwiOiJodHRwczpcL1wvYm9yZG9iYW5kLmN6XC93cC1jb250ZW50XC91cGxvYWRzXC8yMDE5XC8wMlwvMTI5X2ZvdG9nYWxlcmllLTEuanBnIiwic2xpZGVzaG93IjoiMGI2NDg0NSJ9\" href='https:\/\/bordoband.cz\/wp-content\/uploads\/2019\/02\/129_fotogalerie-1.jpg'><img loading=\"lazy\" decoding=\"async\" width=\"180\" height=\"180\" src=\"https:\/\/bordoband.cz\/wp-content\/uploads\/2019\/02\/129_fotogalerie-1-180x180.jpg\" class=\"attachment-my-music-band-testimonial size-my-music-band-testimonial\" alt=\"\" srcset=\"https:\/\/bordoband.cz\/wp-content\/uploads\/2019\/02\/129_fotogalerie-1-180x180.jpg 180w, https:\/\/bordoband.cz\/wp-content\/uploads\/2019\/02\/129_fotogalerie-1-150x150.jpg 150w, https:\/\/bordoband.cz\/wp-content\/uploads\/2019\/02\/129_fotogalerie-1-640x640.jpg 640w\" sizes=\"(max-width: 180px) 100vw, 180px\" \/><\/a>\n\t\t\t<\/div><\/figure><figure class='gallery-item'>\n\t\t\t<div class='gallery-icon landscape'>\n\t\t\t\t<a data-elementor-open-lightbox=\"yes\" data-elementor-lightbox-slideshow=\"0b64845\" data-elementor-lightbox-title=\"130_fotogalerie\" data-e-action-hash=\"#elementor-action%3Aaction%3Dlightbox%26settings%3DeyJpZCI6NzI3LCJ1cmwiOiJodHRwczpcL1wvYm9yZG9iYW5kLmN6XC93cC1jb250ZW50XC91cGxvYWRzXC8yMDE5XC8wMlwvMTMwX2ZvdG9nYWxlcmllLTEuanBnIiwic2xpZGVzaG93IjoiMGI2NDg0NSJ9\" href='https:\/\/bordoband.cz\/wp-content\/uploads\/2019\/02\/130_fotogalerie-1.jpg'><img loading=\"lazy\" decoding=\"async\" width=\"180\" height=\"180\" src=\"https:\/\/bordoband.cz\/wp-content\/uploads\/2019\/02\/130_fotogalerie-1-180x180.jpg\" class=\"attachment-my-music-band-testimonial size-my-music-band-testimonial\" alt=\"\" srcset=\"https:\/\/bordoband.cz\/wp-content\/uploads\/2019\/02\/130_fotogalerie-1-180x180.jpg 180w, https:\/\/bordoband.cz\/wp-content\/uploads\/2019\/02\/130_fotogalerie-1-150x150.jpg 150w, https:\/\/bordoband.cz\/wp-content\/uploads\/2019\/02\/130_fotogalerie-1-640x640.jpg 640w\" sizes=\"(max-width: 180px) 100vw, 180px\" \/><\/a>\n\t\t\t<\/div><\/figure><figure class='gallery-item'>\n\t\t\t<div class='gallery-icon landscape'>\n\t\t\t\t<a data-elementor-open-lightbox=\"yes\" data-elementor-lightbox-slideshow=\"0b64845\" data-elementor-lightbox-title=\"131_fotogalerie\" data-e-action-hash=\"#elementor-action%3Aaction%3Dlightbox%26settings%3DeyJpZCI6NzI4LCJ1cmwiOiJodHRwczpcL1wvYm9yZG9iYW5kLmN6XC93cC1jb250ZW50XC91cGxvYWRzXC8yMDE5XC8wMlwvMTMxX2ZvdG9nYWxlcmllLTEuanBnIiwic2xpZGVzaG93IjoiMGI2NDg0NSJ9\" href='https:\/\/bordoband.cz\/wp-content\/uploads\/2019\/02\/131_fotogalerie-1.jpg'><img loading=\"lazy\" decoding=\"async\" width=\"180\" height=\"180\" src=\"https:\/\/bordoband.cz\/wp-content\/uploads\/2019\/02\/131_fotogalerie-1-180x180.jpg\" class=\"attachment-my-music-band-testimonial size-my-music-band-testimonial\" alt=\"\" srcset=\"https:\/\/bordoband.cz\/wp-content\/uploads\/2019\/02\/131_fotogalerie-1-180x180.jpg 180w, https:\/\/bordoband.cz\/wp-content\/uploads\/2019\/02\/131_fotogalerie-1-150x150.jpg 150w, https:\/\/bordoband.cz\/wp-content\/uploads\/2019\/02\/131_fotogalerie-1-640x640.jpg 640w\" sizes=\"(max-width: 180px) 100vw, 180px\" \/><\/a>\n\t\t\t<\/div><\/figure><figure class='gallery-item'>\n\t\t\t<div class='gallery-icon landscape'>\n\t\t\t\t<a data-elementor-open-lightbox=\"yes\" data-elementor-lightbox-slideshow=\"0b64845\" data-elementor-lightbox-title=\"132_fotogalerie\" data-e-action-hash=\"#elementor-action%3Aaction%3Dlightbox%26settings%3DeyJpZCI6NzI5LCJ1cmwiOiJodHRwczpcL1wvYm9yZG9iYW5kLmN6XC93cC1jb250ZW50XC91cGxvYWRzXC8yMDE5XC8wMlwvMTMyX2ZvdG9nYWxlcmllLTEuanBnIiwic2xpZGVzaG93IjoiMGI2NDg0NSJ9\" href='https:\/\/bordoband.cz\/wp-content\/uploads\/2019\/02\/132_fotogalerie-1.jpg'><img loading=\"lazy\" decoding=\"async\" width=\"180\" height=\"180\" src=\"https:\/\/bordoband.cz\/wp-content\/uploads\/2019\/02\/132_fotogalerie-1-180x180.jpg\" class=\"attachment-my-music-band-testimonial size-my-music-band-testimonial\" alt=\"\" srcset=\"https:\/\/bordoband.cz\/wp-content\/uploads\/2019\/02\/132_fotogalerie-1-180x180.jpg 180w, https:\/\/bordoband.cz\/wp-content\/uploads\/2019\/02\/132_fotogalerie-1-150x150.jpg 150w, https:\/\/bordoband.cz\/wp-content\/uploads\/2019\/02\/132_fotogalerie-1-640x640.jpg 640w\" sizes=\"(max-width: 180px) 100vw, 180px\" \/><\/a>\n\t\t\t<\/div><\/figure><figure class='gallery-item'>\n\t\t\t<div class='gallery-icon landscape'>\n\t\t\t\t<a data-elementor-open-lightbox=\"yes\" data-elementor-lightbox-slideshow=\"0b64845\" data-elementor-lightbox-title=\"133_fotogalerie\" data-e-action-hash=\"#elementor-action%3Aaction%3Dlightbox%26settings%3DeyJpZCI6NzMwLCJ1cmwiOiJodHRwczpcL1wvYm9yZG9iYW5kLmN6XC93cC1jb250ZW50XC91cGxvYWRzXC8yMDE5XC8wMlwvMTMzX2ZvdG9nYWxlcmllLTEuanBnIiwic2xpZGVzaG93IjoiMGI2NDg0NSJ9\" href='https:\/\/bordoband.cz\/wp-content\/uploads\/2019\/02\/133_fotogalerie-1.jpg'><img loading=\"lazy\" decoding=\"async\" width=\"180\" height=\"180\" src=\"https:\/\/bordoband.cz\/wp-content\/uploads\/2019\/02\/133_fotogalerie-1-180x180.jpg\" class=\"attachment-my-music-band-testimonial size-my-music-band-testimonial\" alt=\"\" srcset=\"https:\/\/bordoband.cz\/wp-content\/uploads\/2019\/02\/133_fotogalerie-1-180x180.jpg 180w, https:\/\/bordoband.cz\/wp-content\/uploads\/2019\/02\/133_fotogalerie-1-150x150.jpg 150w, https:\/\/bordoband.cz\/wp-content\/uploads\/2019\/02\/133_fotogalerie-1-640x640.jpg 640w\" sizes=\"(max-width: 180px) 100vw, 180px\" \/><\/a>\n\t\t\t<\/div><\/figure><figure class='gallery-item'>\n\t\t\t<div class='gallery-icon landscape'>\n\t\t\t\t<a data-elementor-open-lightbox=\"yes\" data-elementor-lightbox-slideshow=\"0b64845\" data-elementor-lightbox-title=\"123_fotogalerie\" data-e-action-hash=\"#elementor-action%3Aaction%3Dlightbox%26settings%3DeyJpZCI6NzIwLCJ1cmwiOiJodHRwczpcL1wvYm9yZG9iYW5kLmN6XC93cC1jb250ZW50XC91cGxvYWRzXC8yMDE5XC8wMlwvMTIzX2ZvdG9nYWxlcmllLTEuanBnIiwic2xpZGVzaG93IjoiMGI2NDg0NSJ9\" href='https:\/\/bordoband.cz\/wp-content\/uploads\/2019\/02\/123_fotogalerie-1.jpg'><img loading=\"lazy\" decoding=\"async\" width=\"180\" height=\"180\" src=\"https:\/\/bordoband.cz\/wp-content\/uploads\/2019\/02\/123_fotogalerie-1-180x180.jpg\" class=\"attachment-my-music-band-testimonial size-my-music-band-testimonial\" alt=\"\" srcset=\"https:\/\/bordoband.cz\/wp-content\/uploads\/2019\/02\/123_fotogalerie-1-180x180.jpg 180w, https:\/\/bordoband.cz\/wp-content\/uploads\/2019\/02\/123_fotogalerie-1-150x150.jpg 150w, https:\/\/bordoband.cz\/wp-content\/uploads\/2019\/02\/123_fotogalerie-1-640x640.jpg 640w\" sizes=\"(max-width: 180px) 100vw, 180px\" \/><\/a>\n\t\t\t<\/div><\/figure><figure class='gallery-item'>\n\t\t\t<div class='gallery-icon landscape'>\n\t\t\t\t<a data-elementor-open-lightbox=\"yes\" data-elementor-lightbox-slideshow=\"0b64845\" data-elementor-lightbox-title=\"124_fotogalerie\" data-e-action-hash=\"#elementor-action%3Aaction%3Dlightbox%26settings%3DeyJpZCI6NzIxLCJ1cmwiOiJodHRwczpcL1wvYm9yZG9iYW5kLmN6XC93cC1jb250ZW50XC91cGxvYWRzXC8yMDE5XC8wMlwvMTI0X2ZvdG9nYWxlcmllLTEuanBnIiwic2xpZGVzaG93IjoiMGI2NDg0NSJ9\" href='https:\/\/bordoband.cz\/wp-content\/uploads\/2019\/02\/124_fotogalerie-1.jpg'><img loading=\"lazy\" decoding=\"async\" width=\"180\" height=\"180\" src=\"https:\/\/bordoband.cz\/wp-content\/uploads\/2019\/02\/124_fotogalerie-1-180x180.jpg\" class=\"attachment-my-music-band-testimonial size-my-music-band-testimonial\" alt=\"\" srcset=\"https:\/\/bordoband.cz\/wp-content\/uploads\/2019\/02\/124_fotogalerie-1-180x180.jpg 180w, https:\/\/bordoband.cz\/wp-content\/uploads\/2019\/02\/124_fotogalerie-1-150x150.jpg 150w, https:\/\/bordoband.cz\/wp-content\/uploads\/2019\/02\/124_fotogalerie-1-640x640.jpg 640w\" sizes=\"(max-width: 180px) 100vw, 180px\" \/><\/a>\n\t\t\t<\/div><\/figure><figure class='gallery-item'>\n\t\t\t<div class='gallery-icon landscape'>\n\t\t\t\t<a data-elementor-open-lightbox=\"yes\" data-elementor-lightbox-slideshow=\"0b64845\" data-elementor-lightbox-title=\"102_fotogalerie\" data-e-action-hash=\"#elementor-action%3Aaction%3Dlightbox%26settings%3DeyJpZCI6NzE5LCJ1cmwiOiJodHRwczpcL1wvYm9yZG9iYW5kLmN6XC93cC1jb250ZW50XC91cGxvYWRzXC8yMDE5XC8wMlwvMTAyX2ZvdG9nYWxlcmllLTEuanBnIiwic2xpZGVzaG93IjoiMGI2NDg0NSJ9\" href='https:\/\/bordoband.cz\/wp-content\/uploads\/2019\/02\/102_fotogalerie-1.jpg'><img loading=\"lazy\" decoding=\"async\" width=\"180\" height=\"180\" src=\"https:\/\/bordoband.cz\/wp-content\/uploads\/2019\/02\/102_fotogalerie-1-180x180.jpg\" class=\"attachment-my-music-band-testimonial size-my-music-band-testimonial\" alt=\"\" srcset=\"https:\/\/bordoband.cz\/wp-content\/uploads\/2019\/02\/102_fotogalerie-1-180x180.jpg 180w, https:\/\/bordoband.cz\/wp-content\/uploads\/2019\/02\/102_fotogalerie-1-150x150.jpg 150w, https:\/\/bordoband.cz\/wp-content\/uploads\/2019\/02\/102_fotogalerie-1-640x640.jpg 640w\" sizes=\"(max-width: 180px) 100vw, 180px\" \/><\/a>\n\t\t\t<\/div><\/figure>\n\t\t<\/div>\n\t\t<\/div>\n\t\t\t\t\t\t<\/div>\n\t\t\t\t<\/div>\n\t\t\t\t\t<\/div>\n\t\t<\/div>\n\t\t\t\t\t<\/div>\n\t\t<\/section>\n\t\t\t\t<\/div>\n\t\t","protected":false},"excerpt":{"rendered":"","protected":false},"author":2,"featured_media":0,"parent":191,"menu_order":0,"comment_status":"closed","ping_status":"closed","template":"templates\/no-sidebar.php","meta":{"footnotes":""},"class_list":["post-871","page","type-page","status-publish","hentry"],"_links":{"self":[{"href":"https:\/\/bordoband.cz\/index.php\/wp-json\/wp\/v2\/pages\/871","targetHints":{"allow":["GET"]}}],"collection":[{"href":"https:\/\/bordoband.cz\/index.php\/wp-json\/wp\/v2\/pages"}],"about":[{"href":"https:\/\/bordoband.cz\/index.php\/wp-json\/wp\/v2\/types\/page"}],"author":[{"embeddable":true,"href":"https:\/\/bordoband.cz\/index.php\/wp-json\/wp\/v2\/users\/2"}],"replies":[{"embeddable":true,"href":"https:\/\/bordoband.cz\/index.php\/wp-json\/wp\/v2\/comments?post=871"}],"version-history":[{"count":3,"href":"https:\/\/bordoband.cz\/index.php\/wp-json\/wp\/v2\/pages\/871\/revisions"}],"predecessor-version":[{"id":2909,"href":"https:\/\/bordoband.cz\/index.php\/wp-json\/wp\/v2\/pages\/871\/revisions\/2909"}],"up":[{"embeddable":true,"href":"https:\/\/bordoband.cz\/index.php\/wp-json\/wp\/v2\/pages\/191"}],"wp:attachment":[{"href":"https:\/\/bordoband.cz\/index.php\/wp-json\/wp\/v2\/media?parent=871"}],"curies":[{"name":"wp","href":"https:\/\/api.w.org\/{rel}","templated":true}]}}