{"id":857,"date":"2019-02-26T14:15:27","date_gmt":"2019-02-26T13:15:27","guid":{"rendered":"http:\/\/bordoband.cz\/?page_id=857"},"modified":"2019-02-26T14:17:23","modified_gmt":"2019-02-26T13:17:23","slug":"nataceni-klipu-balada-o-smrti","status":"publish","type":"page","link":"https:\/\/bordoband.cz\/index.php\/fanzone\/fotogalerie\/nataceni-klipu-balada-o-smrti\/","title":{"rendered":"Nat\u00e1\u010den\u00ed klipu Balada o smrti"},"content":{"rendered":"\t\t<div data-elementor-type=\"wp-post\" data-elementor-id=\"857\" class=\"elementor elementor-857 elementor-bc-flex-widget\" data-elementor-post-type=\"page\">\n\t\t\t\t\t\t<section class=\"elementor-section elementor-top-section elementor-element elementor-element-0c82cca elementor-section-boxed elementor-section-height-default elementor-section-height-default\" data-id=\"0c82cca\" data-element_type=\"section\" data-e-type=\"section\">\n\t\t\t\t\t\t<div class=\"elementor-container elementor-column-gap-default\">\n\t\t\t\t\t<div class=\"elementor-column elementor-col-100 elementor-top-column elementor-element elementor-element-9de931d\" data-id=\"9de931d\" data-element_type=\"column\" data-e-type=\"column\">\n\t\t\t<div class=\"elementor-widget-wrap elementor-element-populated\">\n\t\t\t\t\t\t<div class=\"elementor-element elementor-element-3360fd4 elementor-invisible elementor-widget elementor-widget-image-gallery\" data-id=\"3360fd4\" data-element_type=\"widget\" data-e-type=\"widget\" data-settings=\"{&quot;_animation&quot;:&quot;fadeIn&quot;}\" data-widget_type=\"image-gallery.default\">\n\t\t\t\t<div class=\"elementor-widget-container\">\n\t\t\t\t\t\t\t<div class=\"elementor-image-gallery\">\n\t\t\t<div id='gallery-1' class='gallery galleryid-857 gallery-columns-4 gallery-size-my-music-band-testimonial'><figure class='gallery-item'>\n\t\t\t<div class='gallery-icon portrait'>\n\t\t\t\t<a data-elementor-open-lightbox=\"yes\" data-elementor-lightbox-slideshow=\"3360fd4\" data-elementor-lightbox-title=\"33_fotogalerie\" data-e-action-hash=\"#elementor-action%3Aaction%3Dlightbox%26settings%3DeyJpZCI6NjY2LCJ1cmwiOiJodHRwczpcL1wvYm9yZG9iYW5kLmN6XC93cC1jb250ZW50XC91cGxvYWRzXC8yMDE5XC8wMlwvMzNfZm90b2dhbGVyaWUtMS5qcGciLCJzbGlkZXNob3ciOiIzMzYwZmQ0In0%3D\" href='https:\/\/bordoband.cz\/wp-content\/uploads\/2019\/02\/33_fotogalerie-1.jpg'><img decoding=\"async\" width=\"180\" height=\"180\" src=\"https:\/\/bordoband.cz\/wp-content\/uploads\/2019\/02\/33_fotogalerie-1-180x180.jpg\" class=\"attachment-my-music-band-testimonial size-my-music-band-testimonial\" alt=\"\" srcset=\"https:\/\/bordoband.cz\/wp-content\/uploads\/2019\/02\/33_fotogalerie-1-180x180.jpg 180w, https:\/\/bordoband.cz\/wp-content\/uploads\/2019\/02\/33_fotogalerie-1-150x150.jpg 150w, https:\/\/bordoband.cz\/wp-content\/uploads\/2019\/02\/33_fotogalerie-1-640x640.jpg 640w\" sizes=\"(max-width: 180px) 100vw, 180px\" \/><\/a>\n\t\t\t<\/div><\/figure><figure class='gallery-item'>\n\t\t\t<div class='gallery-icon landscape'>\n\t\t\t\t<a data-elementor-open-lightbox=\"yes\" data-elementor-lightbox-slideshow=\"3360fd4\" data-elementor-lightbox-title=\"41_fotogalerie\" data-e-action-hash=\"#elementor-action%3Aaction%3Dlightbox%26settings%3DeyJpZCI6NjY3LCJ1cmwiOiJodHRwczpcL1wvYm9yZG9iYW5kLmN6XC93cC1jb250ZW50XC91cGxvYWRzXC8yMDE5XC8wMlwvNDFfZm90b2dhbGVyaWUtMS5qcGciLCJzbGlkZXNob3ciOiIzMzYwZmQ0In0%3D\" href='https:\/\/bordoband.cz\/wp-content\/uploads\/2019\/02\/41_fotogalerie-1.jpg'><img decoding=\"async\" width=\"180\" height=\"180\" src=\"https:\/\/bordoband.cz\/wp-content\/uploads\/2019\/02\/41_fotogalerie-1-180x180.jpg\" class=\"attachment-my-music-band-testimonial size-my-music-band-testimonial\" alt=\"\" srcset=\"https:\/\/bordoband.cz\/wp-content\/uploads\/2019\/02\/41_fotogalerie-1-180x180.jpg 180w, https:\/\/bordoband.cz\/wp-content\/uploads\/2019\/02\/41_fotogalerie-1-150x150.jpg 150w\" sizes=\"(max-width: 180px) 100vw, 180px\" \/><\/a>\n\t\t\t<\/div><\/figure><figure class='gallery-item'>\n\t\t\t<div class='gallery-icon portrait'>\n\t\t\t\t<a data-elementor-open-lightbox=\"yes\" data-elementor-lightbox-slideshow=\"3360fd4\" data-elementor-lightbox-title=\"43_fotogalerie\" data-e-action-hash=\"#elementor-action%3Aaction%3Dlightbox%26settings%3DeyJpZCI6NjY5LCJ1cmwiOiJodHRwczpcL1wvYm9yZG9iYW5kLmN6XC93cC1jb250ZW50XC91cGxvYWRzXC8yMDE5XC8wMlwvNDNfZm90b2dhbGVyaWUtMS5qcGciLCJzbGlkZXNob3ciOiIzMzYwZmQ0In0%3D\" href='https:\/\/bordoband.cz\/wp-content\/uploads\/2019\/02\/43_fotogalerie-1.jpg'><img decoding=\"async\" width=\"180\" height=\"180\" src=\"https:\/\/bordoband.cz\/wp-content\/uploads\/2019\/02\/43_fotogalerie-1-180x180.jpg\" class=\"attachment-my-music-band-testimonial size-my-music-band-testimonial\" alt=\"\" srcset=\"https:\/\/bordoband.cz\/wp-content\/uploads\/2019\/02\/43_fotogalerie-1-180x180.jpg 180w, https:\/\/bordoband.cz\/wp-content\/uploads\/2019\/02\/43_fotogalerie-1-150x150.jpg 150w, https:\/\/bordoband.cz\/wp-content\/uploads\/2019\/02\/43_fotogalerie-1-640x640.jpg 640w\" sizes=\"(max-width: 180px) 100vw, 180px\" \/><\/a>\n\t\t\t<\/div><\/figure><figure class='gallery-item'>\n\t\t\t<div class='gallery-icon portrait'>\n\t\t\t\t<a data-elementor-open-lightbox=\"yes\" data-elementor-lightbox-slideshow=\"3360fd4\" data-elementor-lightbox-title=\"42_fotogalerie\" data-e-action-hash=\"#elementor-action%3Aaction%3Dlightbox%26settings%3DeyJpZCI6NjY4LCJ1cmwiOiJodHRwczpcL1wvYm9yZG9iYW5kLmN6XC93cC1jb250ZW50XC91cGxvYWRzXC8yMDE5XC8wMlwvNDJfZm90b2dhbGVyaWUtMS5qcGciLCJzbGlkZXNob3ciOiIzMzYwZmQ0In0%3D\" href='https:\/\/bordoband.cz\/wp-content\/uploads\/2019\/02\/42_fotogalerie-1.jpg'><img loading=\"lazy\" decoding=\"async\" width=\"180\" height=\"180\" src=\"https:\/\/bordoband.cz\/wp-content\/uploads\/2019\/02\/42_fotogalerie-1-180x180.jpg\" class=\"attachment-my-music-band-testimonial size-my-music-band-testimonial\" alt=\"\" srcset=\"https:\/\/bordoband.cz\/wp-content\/uploads\/2019\/02\/42_fotogalerie-1-180x180.jpg 180w, https:\/\/bordoband.cz\/wp-content\/uploads\/2019\/02\/42_fotogalerie-1-150x150.jpg 150w, https:\/\/bordoband.cz\/wp-content\/uploads\/2019\/02\/42_fotogalerie-1-640x640.jpg 640w\" sizes=\"(max-width: 180px) 100vw, 180px\" \/><\/a>\n\t\t\t<\/div><\/figure><figure class='gallery-item'>\n\t\t\t<div class='gallery-icon portrait'>\n\t\t\t\t<a data-elementor-open-lightbox=\"yes\" data-elementor-lightbox-slideshow=\"3360fd4\" data-elementor-lightbox-title=\"44_fotogalerie\" data-e-action-hash=\"#elementor-action%3Aaction%3Dlightbox%26settings%3DeyJpZCI6NjcwLCJ1cmwiOiJodHRwczpcL1wvYm9yZG9iYW5kLmN6XC93cC1jb250ZW50XC91cGxvYWRzXC8yMDE5XC8wMlwvNDRfZm90b2dhbGVyaWUtMS5qcGciLCJzbGlkZXNob3ciOiIzMzYwZmQ0In0%3D\" href='https:\/\/bordoband.cz\/wp-content\/uploads\/2019\/02\/44_fotogalerie-1.jpg'><img loading=\"lazy\" decoding=\"async\" width=\"180\" height=\"180\" src=\"https:\/\/bordoband.cz\/wp-content\/uploads\/2019\/02\/44_fotogalerie-1-180x180.jpg\" class=\"attachment-my-music-band-testimonial size-my-music-band-testimonial\" alt=\"\" srcset=\"https:\/\/bordoband.cz\/wp-content\/uploads\/2019\/02\/44_fotogalerie-1-180x180.jpg 180w, https:\/\/bordoband.cz\/wp-content\/uploads\/2019\/02\/44_fotogalerie-1-150x150.jpg 150w, https:\/\/bordoband.cz\/wp-content\/uploads\/2019\/02\/44_fotogalerie-1-640x640.jpg 640w\" sizes=\"(max-width: 180px) 100vw, 180px\" \/><\/a>\n\t\t\t<\/div><\/figure><figure class='gallery-item'>\n\t\t\t<div class='gallery-icon portrait'>\n\t\t\t\t<a data-elementor-open-lightbox=\"yes\" data-elementor-lightbox-slideshow=\"3360fd4\" data-elementor-lightbox-title=\"45_fotogalerie\" data-e-action-hash=\"#elementor-action%3Aaction%3Dlightbox%26settings%3DeyJpZCI6NjcxLCJ1cmwiOiJodHRwczpcL1wvYm9yZG9iYW5kLmN6XC93cC1jb250ZW50XC91cGxvYWRzXC8yMDE5XC8wMlwvNDVfZm90b2dhbGVyaWUtMS5qcGciLCJzbGlkZXNob3ciOiIzMzYwZmQ0In0%3D\" href='https:\/\/bordoband.cz\/wp-content\/uploads\/2019\/02\/45_fotogalerie-1.jpg'><img loading=\"lazy\" decoding=\"async\" width=\"180\" height=\"180\" src=\"https:\/\/bordoband.cz\/wp-content\/uploads\/2019\/02\/45_fotogalerie-1-180x180.jpg\" class=\"attachment-my-music-band-testimonial size-my-music-band-testimonial\" alt=\"\" srcset=\"https:\/\/bordoband.cz\/wp-content\/uploads\/2019\/02\/45_fotogalerie-1-180x180.jpg 180w, https:\/\/bordoband.cz\/wp-content\/uploads\/2019\/02\/45_fotogalerie-1-150x150.jpg 150w\" sizes=\"(max-width: 180px) 100vw, 180px\" \/><\/a>\n\t\t\t<\/div><\/figure><figure class='gallery-item'>\n\t\t\t<div class='gallery-icon portrait'>\n\t\t\t\t<a data-elementor-open-lightbox=\"yes\" data-elementor-lightbox-slideshow=\"3360fd4\" data-elementor-lightbox-title=\"47_fotogalerie\" data-e-action-hash=\"#elementor-action%3Aaction%3Dlightbox%26settings%3DeyJpZCI6NjcyLCJ1cmwiOiJodHRwczpcL1wvYm9yZG9iYW5kLmN6XC93cC1jb250ZW50XC91cGxvYWRzXC8yMDE5XC8wMlwvNDdfZm90b2dhbGVyaWUtMS5qcGciLCJzbGlkZXNob3ciOiIzMzYwZmQ0In0%3D\" href='https:\/\/bordoband.cz\/wp-content\/uploads\/2019\/02\/47_fotogalerie-1.jpg'><img loading=\"lazy\" decoding=\"async\" width=\"180\" height=\"180\" src=\"https:\/\/bordoband.cz\/wp-content\/uploads\/2019\/02\/47_fotogalerie-1-180x180.jpg\" class=\"attachment-my-music-band-testimonial size-my-music-band-testimonial\" alt=\"\" srcset=\"https:\/\/bordoband.cz\/wp-content\/uploads\/2019\/02\/47_fotogalerie-1-180x180.jpg 180w, https:\/\/bordoband.cz\/wp-content\/uploads\/2019\/02\/47_fotogalerie-1-150x150.jpg 150w, https:\/\/bordoband.cz\/wp-content\/uploads\/2019\/02\/47_fotogalerie-1-640x640.jpg 640w\" sizes=\"(max-width: 180px) 100vw, 180px\" \/><\/a>\n\t\t\t<\/div><\/figure><figure class='gallery-item'>\n\t\t\t<div class='gallery-icon portrait'>\n\t\t\t\t<a data-elementor-open-lightbox=\"yes\" data-elementor-lightbox-slideshow=\"3360fd4\" data-elementor-lightbox-title=\"48_fotogalerie\" data-e-action-hash=\"#elementor-action%3Aaction%3Dlightbox%26settings%3DeyJpZCI6NjczLCJ1cmwiOiJodHRwczpcL1wvYm9yZG9iYW5kLmN6XC93cC1jb250ZW50XC91cGxvYWRzXC8yMDE5XC8wMlwvNDhfZm90b2dhbGVyaWUtMS5qcGciLCJzbGlkZXNob3ciOiIzMzYwZmQ0In0%3D\" href='https:\/\/bordoband.cz\/wp-content\/uploads\/2019\/02\/48_fotogalerie-1.jpg'><img loading=\"lazy\" decoding=\"async\" width=\"180\" height=\"180\" src=\"https:\/\/bordoband.cz\/wp-content\/uploads\/2019\/02\/48_fotogalerie-1-180x180.jpg\" class=\"attachment-my-music-band-testimonial size-my-music-band-testimonial\" alt=\"\" srcset=\"https:\/\/bordoband.cz\/wp-content\/uploads\/2019\/02\/48_fotogalerie-1-180x180.jpg 180w, https:\/\/bordoband.cz\/wp-content\/uploads\/2019\/02\/48_fotogalerie-1-150x150.jpg 150w, https:\/\/bordoband.cz\/wp-content\/uploads\/2019\/02\/48_fotogalerie-1-640x640.jpg 640w\" sizes=\"(max-width: 180px) 100vw, 180px\" \/><\/a>\n\t\t\t<\/div><\/figure><figure class='gallery-item'>\n\t\t\t<div class='gallery-icon landscape'>\n\t\t\t\t<a data-elementor-open-lightbox=\"yes\" data-elementor-lightbox-slideshow=\"3360fd4\" data-elementor-lightbox-title=\"49_fotogalerie\" data-e-action-hash=\"#elementor-action%3Aaction%3Dlightbox%26settings%3DeyJpZCI6Njc0LCJ1cmwiOiJodHRwczpcL1wvYm9yZG9iYW5kLmN6XC93cC1jb250ZW50XC91cGxvYWRzXC8yMDE5XC8wMlwvNDlfZm90b2dhbGVyaWUtMS5qcGciLCJzbGlkZXNob3ciOiIzMzYwZmQ0In0%3D\" href='https:\/\/bordoband.cz\/wp-content\/uploads\/2019\/02\/49_fotogalerie-1.jpg'><img loading=\"lazy\" decoding=\"async\" width=\"180\" height=\"180\" src=\"https:\/\/bordoband.cz\/wp-content\/uploads\/2019\/02\/49_fotogalerie-1-180x180.jpg\" class=\"attachment-my-music-band-testimonial size-my-music-band-testimonial\" alt=\"\" srcset=\"https:\/\/bordoband.cz\/wp-content\/uploads\/2019\/02\/49_fotogalerie-1-180x180.jpg 180w, https:\/\/bordoband.cz\/wp-content\/uploads\/2019\/02\/49_fotogalerie-1-150x150.jpg 150w, https:\/\/bordoband.cz\/wp-content\/uploads\/2019\/02\/49_fotogalerie-1-300x300.jpg 300w, https:\/\/bordoband.cz\/wp-content\/uploads\/2019\/02\/49_fotogalerie-1-768x768.jpg 768w, https:\/\/bordoband.cz\/wp-content\/uploads\/2019\/02\/49_fotogalerie-1-640x640.jpg 640w, https:\/\/bordoband.cz\/wp-content\/uploads\/2019\/02\/49_fotogalerie-1.jpg 900w\" sizes=\"(max-width: 180px) 100vw, 180px\" \/><\/a>\n\t\t\t<\/div><\/figure><figure class='gallery-item'>\n\t\t\t<div class='gallery-icon landscape'>\n\t\t\t\t<a data-elementor-open-lightbox=\"yes\" data-elementor-lightbox-slideshow=\"3360fd4\" data-elementor-lightbox-title=\"50_fotogalerie\" data-e-action-hash=\"#elementor-action%3Aaction%3Dlightbox%26settings%3DeyJpZCI6Njc1LCJ1cmwiOiJodHRwczpcL1wvYm9yZG9iYW5kLmN6XC93cC1jb250ZW50XC91cGxvYWRzXC8yMDE5XC8wMlwvNTBfZm90b2dhbGVyaWUtMS5qcGciLCJzbGlkZXNob3ciOiIzMzYwZmQ0In0%3D\" href='https:\/\/bordoband.cz\/wp-content\/uploads\/2019\/02\/50_fotogalerie-1.jpg'><img loading=\"lazy\" decoding=\"async\" width=\"180\" height=\"180\" src=\"https:\/\/bordoband.cz\/wp-content\/uploads\/2019\/02\/50_fotogalerie-1-180x180.jpg\" class=\"attachment-my-music-band-testimonial size-my-music-band-testimonial\" alt=\"\" srcset=\"https:\/\/bordoband.cz\/wp-content\/uploads\/2019\/02\/50_fotogalerie-1-180x180.jpg 180w, https:\/\/bordoband.cz\/wp-content\/uploads\/2019\/02\/50_fotogalerie-1-150x150.jpg 150w, https:\/\/bordoband.cz\/wp-content\/uploads\/2019\/02\/50_fotogalerie-1-300x300.jpg 300w, https:\/\/bordoband.cz\/wp-content\/uploads\/2019\/02\/50_fotogalerie-1-768x768.jpg 768w, https:\/\/bordoband.cz\/wp-content\/uploads\/2019\/02\/50_fotogalerie-1-640x640.jpg 640w, https:\/\/bordoband.cz\/wp-content\/uploads\/2019\/02\/50_fotogalerie-1.jpg 900w\" sizes=\"(max-width: 180px) 100vw, 180px\" \/><\/a>\n\t\t\t<\/div><\/figure><figure class='gallery-item'>\n\t\t\t<div class='gallery-icon portrait'>\n\t\t\t\t<a data-elementor-open-lightbox=\"yes\" data-elementor-lightbox-slideshow=\"3360fd4\" data-elementor-lightbox-title=\"51_fotogalerie\" data-e-action-hash=\"#elementor-action%3Aaction%3Dlightbox%26settings%3DeyJpZCI6Njc2LCJ1cmwiOiJodHRwczpcL1wvYm9yZG9iYW5kLmN6XC93cC1jb250ZW50XC91cGxvYWRzXC8yMDE5XC8wMlwvNTFfZm90b2dhbGVyaWUtMS5qcGciLCJzbGlkZXNob3ciOiIzMzYwZmQ0In0%3D\" href='https:\/\/bordoband.cz\/wp-content\/uploads\/2019\/02\/51_fotogalerie-1.jpg'><img loading=\"lazy\" decoding=\"async\" width=\"180\" height=\"180\" src=\"https:\/\/bordoband.cz\/wp-content\/uploads\/2019\/02\/51_fotogalerie-1-180x180.jpg\" class=\"attachment-my-music-band-testimonial size-my-music-band-testimonial\" alt=\"\" srcset=\"https:\/\/bordoband.cz\/wp-content\/uploads\/2019\/02\/51_fotogalerie-1-180x180.jpg 180w, https:\/\/bordoband.cz\/wp-content\/uploads\/2019\/02\/51_fotogalerie-1-150x150.jpg 150w, https:\/\/bordoband.cz\/wp-content\/uploads\/2019\/02\/51_fotogalerie-1-640x640.jpg 640w\" sizes=\"(max-width: 180px) 100vw, 180px\" \/><\/a>\n\t\t\t<\/div><\/figure><figure class='gallery-item'>\n\t\t\t<div class='gallery-icon portrait'>\n\t\t\t\t<a data-elementor-open-lightbox=\"yes\" data-elementor-lightbox-slideshow=\"3360fd4\" data-elementor-lightbox-title=\"46_fotogalerie\" data-e-action-hash=\"#elementor-action%3Aaction%3Dlightbox%26settings%3DeyJpZCI6MjQwLCJ1cmwiOiJodHRwczpcL1wvYm9yZG9iYW5kLmN6XC93cC1jb250ZW50XC91cGxvYWRzXC8yMDE5XC8wMlwvNDZfZm90b2dhbGVyaWUuanBnIiwic2xpZGVzaG93IjoiMzM2MGZkNCJ9\" href='https:\/\/bordoband.cz\/wp-content\/uploads\/2019\/02\/46_fotogalerie.jpg'><img loading=\"lazy\" decoding=\"async\" width=\"180\" height=\"180\" src=\"https:\/\/bordoband.cz\/wp-content\/uploads\/2019\/02\/46_fotogalerie-180x180.jpg\" class=\"attachment-my-music-band-testimonial size-my-music-band-testimonial\" alt=\"\" srcset=\"https:\/\/bordoband.cz\/wp-content\/uploads\/2019\/02\/46_fotogalerie-180x180.jpg 180w, https:\/\/bordoband.cz\/wp-content\/uploads\/2019\/02\/46_fotogalerie-150x150.jpg 150w, https:\/\/bordoband.cz\/wp-content\/uploads\/2019\/02\/46_fotogalerie-640x640.jpg 640w\" sizes=\"(max-width: 180px) 100vw, 180px\" \/><\/a>\n\t\t\t<\/div><\/figure>\n\t\t<\/div>\n\t\t<\/div>\n\t\t\t\t\t\t<\/div>\n\t\t\t\t<\/div>\n\t\t\t\t\t<\/div>\n\t\t<\/div>\n\t\t\t\t\t<\/div>\n\t\t<\/section>\n\t\t\t\t<\/div>\n\t\t","protected":false},"excerpt":{"rendered":"","protected":false},"author":2,"featured_media":0,"parent":191,"menu_order":0,"comment_status":"closed","ping_status":"closed","template":"templates\/no-sidebar.php","meta":{"footnotes":""},"class_list":["post-857","page","type-page","status-publish","hentry"],"_links":{"self":[{"href":"https:\/\/bordoband.cz\/index.php\/wp-json\/wp\/v2\/pages\/857","targetHints":{"allow":["GET"]}}],"collection":[{"href":"https:\/\/bordoband.cz\/index.php\/wp-json\/wp\/v2\/pages"}],"about":[{"href":"https:\/\/bordoband.cz\/index.php\/wp-json\/wp\/v2\/types\/page"}],"author":[{"embeddable":true,"href":"https:\/\/bordoband.cz\/index.php\/wp-json\/wp\/v2\/users\/2"}],"replies":[{"embeddable":true,"href":"https:\/\/bordoband.cz\/index.php\/wp-json\/wp\/v2\/comments?post=857"}],"version-history":[{"count":2,"href":"https:\/\/bordoband.cz\/index.php\/wp-json\/wp\/v2\/pages\/857\/revisions"}],"predecessor-version":[{"id":860,"href":"https:\/\/bordoband.cz\/index.php\/wp-json\/wp\/v2\/pages\/857\/revisions\/860"}],"up":[{"embeddable":true,"href":"https:\/\/bordoband.cz\/index.php\/wp-json\/wp\/v2\/pages\/191"}],"wp:attachment":[{"href":"https:\/\/bordoband.cz\/index.php\/wp-json\/wp\/v2\/media?parent=857"}],"curies":[{"name":"wp","href":"https:\/\/api.w.org\/{rel}","templated":true}]}}