{"id":849,"date":"2019-02-26T14:06:22","date_gmt":"2019-02-26T13:06:22","guid":{"rendered":"http:\/\/bordoband.cz\/?page_id=849"},"modified":"2020-02-23T13:33:42","modified_gmt":"2020-02-23T12:33:42","slug":"z-historie-kapely","status":"publish","type":"page","link":"https:\/\/bordoband.cz\/index.php\/fanzone\/fotogalerie\/z-historie-kapely\/","title":{"rendered":"Kapela &#8211; historie"},"content":{"rendered":"\t\t<div data-elementor-type=\"wp-post\" data-elementor-id=\"849\" class=\"elementor elementor-849 elementor-bc-flex-widget\" data-elementor-post-type=\"page\">\n\t\t\t\t\t\t<section class=\"elementor-section elementor-top-section elementor-element elementor-element-a10e50f elementor-section-boxed elementor-section-height-default elementor-section-height-default\" data-id=\"a10e50f\" data-element_type=\"section\" data-e-type=\"section\">\n\t\t\t\t\t\t<div class=\"elementor-container elementor-column-gap-default\">\n\t\t\t\t\t<div class=\"elementor-column elementor-col-100 elementor-top-column elementor-element elementor-element-1c4d8ce\" data-id=\"1c4d8ce\" data-element_type=\"column\" data-e-type=\"column\">\n\t\t\t<div class=\"elementor-widget-wrap elementor-element-populated\">\n\t\t\t\t\t\t<div class=\"elementor-element elementor-element-459fd7f elementor-invisible elementor-widget elementor-widget-image-gallery\" data-id=\"459fd7f\" data-element_type=\"widget\" data-e-type=\"widget\" data-settings=\"{&quot;_animation&quot;:&quot;fadeIn&quot;}\" data-widget_type=\"image-gallery.default\">\n\t\t\t\t<div class=\"elementor-widget-container\">\n\t\t\t\t\t\t\t<div class=\"elementor-image-gallery\">\n\t\t\t<div id='gallery-1' class='gallery galleryid-849 gallery-columns-4 gallery-size-my-music-band-testimonial'><figure class='gallery-item'>\n\t\t\t<div class='gallery-icon landscape'>\n\t\t\t\t<a data-elementor-open-lightbox=\"yes\" data-elementor-lightbox-slideshow=\"459fd7f\" data-elementor-lightbox-title=\"8_fotogalerie\" data-e-action-hash=\"#elementor-action%3Aaction%3Dlightbox%26settings%3DeyJpZCI6NjU0LCJ1cmwiOiJodHRwczpcL1wvYm9yZG9iYW5kLmN6XC93cC1jb250ZW50XC91cGxvYWRzXC8yMDE5XC8wMlwvOF9mb3RvZ2FsZXJpZS0yLmpwZyIsInNsaWRlc2hvdyI6IjQ1OWZkN2YifQ%3D%3D\" href='https:\/\/bordoband.cz\/wp-content\/uploads\/2019\/02\/8_fotogalerie-2.jpg'><img decoding=\"async\" width=\"180\" height=\"180\" src=\"https:\/\/bordoband.cz\/wp-content\/uploads\/2019\/02\/8_fotogalerie-2-180x180.jpg\" class=\"attachment-my-music-band-testimonial size-my-music-band-testimonial\" alt=\"\" srcset=\"https:\/\/bordoband.cz\/wp-content\/uploads\/2019\/02\/8_fotogalerie-2-180x180.jpg 180w, https:\/\/bordoband.cz\/wp-content\/uploads\/2019\/02\/8_fotogalerie-2-150x150.jpg 150w\" sizes=\"(max-width: 180px) 100vw, 180px\" \/><\/a>\n\t\t\t<\/div><\/figure><figure class='gallery-item'>\n\t\t\t<div class='gallery-icon landscape'>\n\t\t\t\t<a data-elementor-open-lightbox=\"yes\" data-elementor-lightbox-slideshow=\"459fd7f\" data-elementor-lightbox-title=\"5_fotogalerie\" data-e-action-hash=\"#elementor-action%3Aaction%3Dlightbox%26settings%3DeyJpZCI6NjUzLCJ1cmwiOiJodHRwczpcL1wvYm9yZG9iYW5kLmN6XC93cC1jb250ZW50XC91cGxvYWRzXC8yMDE5XC8wMlwvNV9mb3RvZ2FsZXJpZS0xLmpwZyIsInNsaWRlc2hvdyI6IjQ1OWZkN2YifQ%3D%3D\" href='https:\/\/bordoband.cz\/wp-content\/uploads\/2019\/02\/5_fotogalerie-1.jpg'><img decoding=\"async\" width=\"180\" height=\"180\" src=\"https:\/\/bordoband.cz\/wp-content\/uploads\/2019\/02\/5_fotogalerie-1-180x180.jpg\" class=\"attachment-my-music-band-testimonial size-my-music-band-testimonial\" alt=\"\" srcset=\"https:\/\/bordoband.cz\/wp-content\/uploads\/2019\/02\/5_fotogalerie-1-180x180.jpg 180w, https:\/\/bordoband.cz\/wp-content\/uploads\/2019\/02\/5_fotogalerie-1-150x150.jpg 150w, https:\/\/bordoband.cz\/wp-content\/uploads\/2019\/02\/5_fotogalerie-1-640x640.jpg 640w\" sizes=\"(max-width: 180px) 100vw, 180px\" \/><\/a>\n\t\t\t<\/div><\/figure><figure class='gallery-item'>\n\t\t\t<div class='gallery-icon landscape'>\n\t\t\t\t<a data-elementor-open-lightbox=\"yes\" data-elementor-lightbox-slideshow=\"459fd7f\" data-elementor-lightbox-title=\"3_fotogalerie\" data-e-action-hash=\"#elementor-action%3Aaction%3Dlightbox%26settings%3DeyJpZCI6NjUyLCJ1cmwiOiJodHRwczpcL1wvYm9yZG9iYW5kLmN6XC93cC1jb250ZW50XC91cGxvYWRzXC8yMDE5XC8wMlwvM19mb3RvZ2FsZXJpZS0xLmpwZyIsInNsaWRlc2hvdyI6IjQ1OWZkN2YifQ%3D%3D\" href='https:\/\/bordoband.cz\/wp-content\/uploads\/2019\/02\/3_fotogalerie-1.jpg'><img decoding=\"async\" width=\"180\" height=\"180\" src=\"https:\/\/bordoband.cz\/wp-content\/uploads\/2019\/02\/3_fotogalerie-1-180x180.jpg\" class=\"attachment-my-music-band-testimonial size-my-music-band-testimonial\" alt=\"\" srcset=\"https:\/\/bordoband.cz\/wp-content\/uploads\/2019\/02\/3_fotogalerie-1-180x180.jpg 180w, https:\/\/bordoband.cz\/wp-content\/uploads\/2019\/02\/3_fotogalerie-1-150x150.jpg 150w, https:\/\/bordoband.cz\/wp-content\/uploads\/2019\/02\/3_fotogalerie-1-640x640.jpg 640w\" sizes=\"(max-width: 180px) 100vw, 180px\" \/><\/a>\n\t\t\t<\/div><\/figure><figure class='gallery-item'>\n\t\t\t<div class='gallery-icon landscape'>\n\t\t\t\t<a data-elementor-open-lightbox=\"yes\" data-elementor-lightbox-slideshow=\"459fd7f\" data-elementor-lightbox-title=\"Katerina\" data-e-action-hash=\"#elementor-action%3Aaction%3Dlightbox%26settings%3DeyJpZCI6NjQzLCJ1cmwiOiJodHRwczpcL1wvYm9yZG9iYW5kLmN6XC93cC1jb250ZW50XC91cGxvYWRzXC8yMDE5XC8wMlwvS2F0ZXJpbmEuanBnIiwic2xpZGVzaG93IjoiNDU5ZmQ3ZiJ9\" href='https:\/\/bordoband.cz\/wp-content\/uploads\/2019\/02\/Katerina.jpg'><img loading=\"lazy\" decoding=\"async\" width=\"180\" height=\"180\" src=\"https:\/\/bordoband.cz\/wp-content\/uploads\/2019\/02\/Katerina-180x180.jpg\" class=\"attachment-my-music-band-testimonial size-my-music-band-testimonial\" alt=\"\" srcset=\"https:\/\/bordoband.cz\/wp-content\/uploads\/2019\/02\/Katerina-180x180.jpg 180w, https:\/\/bordoband.cz\/wp-content\/uploads\/2019\/02\/Katerina-150x150.jpg 150w\" sizes=\"(max-width: 180px) 100vw, 180px\" \/><\/a>\n\t\t\t<\/div><\/figure><figure class='gallery-item'>\n\t\t\t<div class='gallery-icon portrait'>\n\t\t\t\t<a data-elementor-open-lightbox=\"yes\" data-elementor-lightbox-slideshow=\"459fd7f\" data-elementor-lightbox-title=\"Koncert Bordo - Jarmark \u0160t\u011bt\u00ed\" data-e-action-hash=\"#elementor-action%3Aaction%3Dlightbox%26settings%3DeyJpZCI6NjQxLCJ1cmwiOiJodHRwczpcL1wvYm9yZG9iYW5kLmN6XC93cC1jb250ZW50XC91cGxvYWRzXC8yMDE5XC8wMlwvRmxhbWJlcmcuanBnIiwic2xpZGVzaG93IjoiNDU5ZmQ3ZiJ9\" href='https:\/\/bordoband.cz\/wp-content\/uploads\/2019\/02\/Flamberg.jpg'><img loading=\"lazy\" decoding=\"async\" width=\"180\" height=\"180\" src=\"https:\/\/bordoband.cz\/wp-content\/uploads\/2019\/02\/Flamberg-180x180.jpg\" class=\"attachment-my-music-band-testimonial size-my-music-band-testimonial\" alt=\"\" srcset=\"https:\/\/bordoband.cz\/wp-content\/uploads\/2019\/02\/Flamberg-180x180.jpg 180w, https:\/\/bordoband.cz\/wp-content\/uploads\/2019\/02\/Flamberg-150x150.jpg 150w\" sizes=\"(max-width: 180px) 100vw, 180px\" \/><\/a>\n\t\t\t<\/div><\/figure><figure class='gallery-item'>\n\t\t\t<div class='gallery-icon portrait'>\n\t\t\t\t<a data-elementor-open-lightbox=\"yes\" data-elementor-lightbox-slideshow=\"459fd7f\" data-elementor-lightbox-title=\"18_fotogalerie\" data-e-action-hash=\"#elementor-action%3Aaction%3Dlightbox%26settings%3DeyJpZCI6NjU5LCJ1cmwiOiJodHRwczpcL1wvYm9yZG9iYW5kLmN6XC93cC1jb250ZW50XC91cGxvYWRzXC8yMDE5XC8wMlwvMThfZm90b2dhbGVyaWUtMS5qcGciLCJzbGlkZXNob3ciOiI0NTlmZDdmIn0%3D\" href='https:\/\/bordoband.cz\/wp-content\/uploads\/2019\/02\/18_fotogalerie-1.jpg'><img loading=\"lazy\" decoding=\"async\" width=\"180\" height=\"180\" src=\"https:\/\/bordoband.cz\/wp-content\/uploads\/2019\/02\/18_fotogalerie-1-180x180.jpg\" class=\"attachment-my-music-band-testimonial size-my-music-band-testimonial\" alt=\"\" srcset=\"https:\/\/bordoband.cz\/wp-content\/uploads\/2019\/02\/18_fotogalerie-1-180x180.jpg 180w, https:\/\/bordoband.cz\/wp-content\/uploads\/2019\/02\/18_fotogalerie-1-150x150.jpg 150w, https:\/\/bordoband.cz\/wp-content\/uploads\/2019\/02\/18_fotogalerie-1-640x640.jpg 640w\" sizes=\"(max-width: 180px) 100vw, 180px\" \/><\/a>\n\t\t\t<\/div><\/figure><figure class='gallery-item'>\n\t\t\t<div class='gallery-icon portrait'>\n\t\t\t\t<a data-elementor-open-lightbox=\"yes\" data-elementor-lightbox-slideshow=\"459fd7f\" data-elementor-lightbox-title=\"21_fotogalerie\" data-e-action-hash=\"#elementor-action%3Aaction%3Dlightbox%26settings%3DeyJpZCI6NjYwLCJ1cmwiOiJodHRwczpcL1wvYm9yZG9iYW5kLmN6XC93cC1jb250ZW50XC91cGxvYWRzXC8yMDE5XC8wMlwvMjFfZm90b2dhbGVyaWUtMS5qcGciLCJzbGlkZXNob3ciOiI0NTlmZDdmIn0%3D\" href='https:\/\/bordoband.cz\/wp-content\/uploads\/2019\/02\/21_fotogalerie-1.jpg'><img loading=\"lazy\" decoding=\"async\" width=\"180\" height=\"180\" src=\"https:\/\/bordoband.cz\/wp-content\/uploads\/2019\/02\/21_fotogalerie-1-180x180.jpg\" class=\"attachment-my-music-band-testimonial size-my-music-band-testimonial\" alt=\"\" srcset=\"https:\/\/bordoband.cz\/wp-content\/uploads\/2019\/02\/21_fotogalerie-1-180x180.jpg 180w, https:\/\/bordoband.cz\/wp-content\/uploads\/2019\/02\/21_fotogalerie-1-150x150.jpg 150w\" sizes=\"(max-width: 180px) 100vw, 180px\" \/><\/a>\n\t\t\t<\/div><\/figure><figure class='gallery-item'>\n\t\t\t<div class='gallery-icon portrait'>\n\t\t\t\t<a data-elementor-open-lightbox=\"yes\" data-elementor-lightbox-slideshow=\"459fd7f\" data-elementor-lightbox-title=\"22_fotogalerie\" data-e-action-hash=\"#elementor-action%3Aaction%3Dlightbox%26settings%3DeyJpZCI6NjYxLCJ1cmwiOiJodHRwczpcL1wvYm9yZG9iYW5kLmN6XC93cC1jb250ZW50XC91cGxvYWRzXC8yMDE5XC8wMlwvMjJfZm90b2dhbGVyaWUtMS5qcGciLCJzbGlkZXNob3ciOiI0NTlmZDdmIn0%3D\" href='https:\/\/bordoband.cz\/wp-content\/uploads\/2019\/02\/22_fotogalerie-1.jpg'><img loading=\"lazy\" decoding=\"async\" width=\"180\" height=\"180\" src=\"https:\/\/bordoband.cz\/wp-content\/uploads\/2019\/02\/22_fotogalerie-1-180x180.jpg\" class=\"attachment-my-music-band-testimonial size-my-music-band-testimonial\" alt=\"\" srcset=\"https:\/\/bordoband.cz\/wp-content\/uploads\/2019\/02\/22_fotogalerie-1-180x180.jpg 180w, https:\/\/bordoband.cz\/wp-content\/uploads\/2019\/02\/22_fotogalerie-1-150x150.jpg 150w\" sizes=\"(max-width: 180px) 100vw, 180px\" \/><\/a>\n\t\t\t<\/div><\/figure><figure class='gallery-item'>\n\t\t\t<div class='gallery-icon portrait'>\n\t\t\t\t<a data-elementor-open-lightbox=\"yes\" data-elementor-lightbox-slideshow=\"459fd7f\" data-elementor-lightbox-title=\"24_fotogalerie\" data-e-action-hash=\"#elementor-action%3Aaction%3Dlightbox%26settings%3DeyJpZCI6NjYyLCJ1cmwiOiJodHRwczpcL1wvYm9yZG9iYW5kLmN6XC93cC1jb250ZW50XC91cGxvYWRzXC8yMDE5XC8wMlwvMjRfZm90b2dhbGVyaWUtMS5qcGciLCJzbGlkZXNob3ciOiI0NTlmZDdmIn0%3D\" href='https:\/\/bordoband.cz\/wp-content\/uploads\/2019\/02\/24_fotogalerie-1.jpg'><img loading=\"lazy\" decoding=\"async\" width=\"180\" height=\"180\" src=\"https:\/\/bordoband.cz\/wp-content\/uploads\/2019\/02\/24_fotogalerie-1-180x180.jpg\" class=\"attachment-my-music-band-testimonial size-my-music-band-testimonial\" alt=\"\" srcset=\"https:\/\/bordoband.cz\/wp-content\/uploads\/2019\/02\/24_fotogalerie-1-180x180.jpg 180w, https:\/\/bordoband.cz\/wp-content\/uploads\/2019\/02\/24_fotogalerie-1-150x150.jpg 150w, https:\/\/bordoband.cz\/wp-content\/uploads\/2019\/02\/24_fotogalerie-1-640x640.jpg 640w\" sizes=\"(max-width: 180px) 100vw, 180px\" \/><\/a>\n\t\t\t<\/div><\/figure><figure class='gallery-item'>\n\t\t\t<div class='gallery-icon portrait'>\n\t\t\t\t<a data-elementor-open-lightbox=\"yes\" data-elementor-lightbox-slideshow=\"459fd7f\" data-elementor-lightbox-title=\"26_fotogalerie\" data-e-action-hash=\"#elementor-action%3Aaction%3Dlightbox%26settings%3DeyJpZCI6NjYzLCJ1cmwiOiJodHRwczpcL1wvYm9yZG9iYW5kLmN6XC93cC1jb250ZW50XC91cGxvYWRzXC8yMDE5XC8wMlwvMjZfZm90b2dhbGVyaWUtMS5qcGciLCJzbGlkZXNob3ciOiI0NTlmZDdmIn0%3D\" href='https:\/\/bordoband.cz\/wp-content\/uploads\/2019\/02\/26_fotogalerie-1.jpg'><img loading=\"lazy\" decoding=\"async\" width=\"180\" height=\"180\" src=\"https:\/\/bordoband.cz\/wp-content\/uploads\/2019\/02\/26_fotogalerie-1-180x180.jpg\" class=\"attachment-my-music-band-testimonial size-my-music-band-testimonial\" alt=\"\" srcset=\"https:\/\/bordoband.cz\/wp-content\/uploads\/2019\/02\/26_fotogalerie-1-180x180.jpg 180w, https:\/\/bordoband.cz\/wp-content\/uploads\/2019\/02\/26_fotogalerie-1-150x150.jpg 150w, https:\/\/bordoband.cz\/wp-content\/uploads\/2019\/02\/26_fotogalerie-1-640x640.jpg 640w\" sizes=\"(max-width: 180px) 100vw, 180px\" \/><\/a>\n\t\t\t<\/div><\/figure><figure class='gallery-item'>\n\t\t\t<div class='gallery-icon portrait'>\n\t\t\t\t<a data-elementor-open-lightbox=\"yes\" data-elementor-lightbox-slideshow=\"459fd7f\" data-elementor-lightbox-title=\"28_fotogalerie\" data-e-action-hash=\"#elementor-action%3Aaction%3Dlightbox%26settings%3DeyJpZCI6NjY0LCJ1cmwiOiJodHRwczpcL1wvYm9yZG9iYW5kLmN6XC93cC1jb250ZW50XC91cGxvYWRzXC8yMDE5XC8wMlwvMjhfZm90b2dhbGVyaWUtMS5qcGciLCJzbGlkZXNob3ciOiI0NTlmZDdmIn0%3D\" href='https:\/\/bordoband.cz\/wp-content\/uploads\/2019\/02\/28_fotogalerie-1.jpg'><img loading=\"lazy\" decoding=\"async\" width=\"180\" height=\"180\" src=\"https:\/\/bordoband.cz\/wp-content\/uploads\/2019\/02\/28_fotogalerie-1-180x180.jpg\" class=\"attachment-my-music-band-testimonial size-my-music-band-testimonial\" alt=\"\" srcset=\"https:\/\/bordoband.cz\/wp-content\/uploads\/2019\/02\/28_fotogalerie-1-180x180.jpg 180w, https:\/\/bordoband.cz\/wp-content\/uploads\/2019\/02\/28_fotogalerie-1-150x150.jpg 150w, https:\/\/bordoband.cz\/wp-content\/uploads\/2019\/02\/28_fotogalerie-1-640x640.jpg 640w\" sizes=\"(max-width: 180px) 100vw, 180px\" \/><\/a>\n\t\t\t<\/div><\/figure><figure class='gallery-item'>\n\t\t\t<div class='gallery-icon landscape'>\n\t\t\t\t<a data-elementor-open-lightbox=\"yes\" data-elementor-lightbox-slideshow=\"459fd7f\" data-elementor-lightbox-title=\"141_fotogalerie\" data-e-action-hash=\"#elementor-action%3Aaction%3Dlightbox%26settings%3DeyJpZCI6NjY1LCJ1cmwiOiJodHRwczpcL1wvYm9yZG9iYW5kLmN6XC93cC1jb250ZW50XC91cGxvYWRzXC8yMDE5XC8wMlwvMTQxX2ZvdG9nYWxlcmllLTEuanBnIiwic2xpZGVzaG93IjoiNDU5ZmQ3ZiJ9\" href='https:\/\/bordoband.cz\/wp-content\/uploads\/2019\/02\/141_fotogalerie-1.jpg'><img loading=\"lazy\" decoding=\"async\" width=\"180\" height=\"180\" src=\"https:\/\/bordoband.cz\/wp-content\/uploads\/2019\/02\/141_fotogalerie-1-180x180.jpg\" class=\"attachment-my-music-band-testimonial size-my-music-band-testimonial\" alt=\"\" srcset=\"https:\/\/bordoband.cz\/wp-content\/uploads\/2019\/02\/141_fotogalerie-1-180x180.jpg 180w, https:\/\/bordoband.cz\/wp-content\/uploads\/2019\/02\/141_fotogalerie-1-150x150.jpg 150w, https:\/\/bordoband.cz\/wp-content\/uploads\/2019\/02\/141_fotogalerie-1-640x640.jpg 640w\" sizes=\"(max-width: 180px) 100vw, 180px\" \/><\/a>\n\t\t\t<\/div><\/figure><figure class='gallery-item'>\n\t\t\t<div class='gallery-icon landscape'>\n\t\t\t\t<a data-elementor-open-lightbox=\"yes\" data-elementor-lightbox-slideshow=\"459fd7f\" data-elementor-lightbox-title=\"11_fotogalerie\" data-e-action-hash=\"#elementor-action%3Aaction%3Dlightbox%26settings%3DeyJpZCI6NjU1LCJ1cmwiOiJodHRwczpcL1wvYm9yZG9iYW5kLmN6XC93cC1jb250ZW50XC91cGxvYWRzXC8yMDE5XC8wMlwvMTFfZm90b2dhbGVyaWUtMS5qcGciLCJzbGlkZXNob3ciOiI0NTlmZDdmIn0%3D\" href='https:\/\/bordoband.cz\/wp-content\/uploads\/2019\/02\/11_fotogalerie-1.jpg'><img loading=\"lazy\" decoding=\"async\" width=\"180\" height=\"180\" src=\"https:\/\/bordoband.cz\/wp-content\/uploads\/2019\/02\/11_fotogalerie-1-180x180.jpg\" class=\"attachment-my-music-band-testimonial size-my-music-band-testimonial\" alt=\"\" srcset=\"https:\/\/bordoband.cz\/wp-content\/uploads\/2019\/02\/11_fotogalerie-1-180x180.jpg 180w, https:\/\/bordoband.cz\/wp-content\/uploads\/2019\/02\/11_fotogalerie-1-150x150.jpg 150w\" sizes=\"(max-width: 180px) 100vw, 180px\" \/><\/a>\n\t\t\t<\/div><\/figure><figure class='gallery-item'>\n\t\t\t<div class='gallery-icon landscape'>\n\t\t\t\t<a data-elementor-open-lightbox=\"yes\" data-elementor-lightbox-slideshow=\"459fd7f\" data-elementor-lightbox-title=\"14_fotogalerie\" data-e-action-hash=\"#elementor-action%3Aaction%3Dlightbox%26settings%3DeyJpZCI6NjU3LCJ1cmwiOiJodHRwczpcL1wvYm9yZG9iYW5kLmN6XC93cC1jb250ZW50XC91cGxvYWRzXC8yMDE5XC8wMlwvMTRfZm90b2dhbGVyaWUtMS5qcGciLCJzbGlkZXNob3ciOiI0NTlmZDdmIn0%3D\" href='https:\/\/bordoband.cz\/wp-content\/uploads\/2019\/02\/14_fotogalerie-1.jpg'><img loading=\"lazy\" decoding=\"async\" width=\"180\" height=\"180\" src=\"https:\/\/bordoband.cz\/wp-content\/uploads\/2019\/02\/14_fotogalerie-1-180x180.jpg\" class=\"attachment-my-music-band-testimonial size-my-music-band-testimonial\" alt=\"\" srcset=\"https:\/\/bordoband.cz\/wp-content\/uploads\/2019\/02\/14_fotogalerie-1-180x180.jpg 180w, https:\/\/bordoband.cz\/wp-content\/uploads\/2019\/02\/14_fotogalerie-1-150x150.jpg 150w\" sizes=\"(max-width: 180px) 100vw, 180px\" \/><\/a>\n\t\t\t<\/div><\/figure><figure class='gallery-item'>\n\t\t\t<div class='gallery-icon portrait'>\n\t\t\t\t<a data-elementor-open-lightbox=\"yes\" data-elementor-lightbox-slideshow=\"459fd7f\" data-elementor-lightbox-title=\"17_fotogalerie\" data-e-action-hash=\"#elementor-action%3Aaction%3Dlightbox%26settings%3DeyJpZCI6NjU4LCJ1cmwiOiJodHRwczpcL1wvYm9yZG9iYW5kLmN6XC93cC1jb250ZW50XC91cGxvYWRzXC8yMDE5XC8wMlwvMTdfZm90b2dhbGVyaWUtMS5qcGciLCJzbGlkZXNob3ciOiI0NTlmZDdmIn0%3D\" href='https:\/\/bordoband.cz\/wp-content\/uploads\/2019\/02\/17_fotogalerie-1.jpg'><img loading=\"lazy\" decoding=\"async\" width=\"180\" height=\"180\" src=\"https:\/\/bordoband.cz\/wp-content\/uploads\/2019\/02\/17_fotogalerie-1-180x180.jpg\" class=\"attachment-my-music-band-testimonial size-my-music-band-testimonial\" alt=\"\" srcset=\"https:\/\/bordoband.cz\/wp-content\/uploads\/2019\/02\/17_fotogalerie-1-180x180.jpg 180w, https:\/\/bordoband.cz\/wp-content\/uploads\/2019\/02\/17_fotogalerie-1-150x150.jpg 150w, https:\/\/bordoband.cz\/wp-content\/uploads\/2019\/02\/17_fotogalerie-1-640x640.jpg 640w\" sizes=\"(max-width: 180px) 100vw, 180px\" \/><\/a>\n\t\t\t<\/div><\/figure><figure class='gallery-item'>\n\t\t\t<div class='gallery-icon landscape'>\n\t\t\t\t<a data-elementor-open-lightbox=\"yes\" data-elementor-lightbox-slideshow=\"459fd7f\" data-elementor-lightbox-title=\"13_fotogalerie\" data-e-action-hash=\"#elementor-action%3Aaction%3Dlightbox%26settings%3DeyJpZCI6NjU2LCJ1cmwiOiJodHRwczpcL1wvYm9yZG9iYW5kLmN6XC93cC1jb250ZW50XC91cGxvYWRzXC8yMDE5XC8wMlwvMTNfZm90b2dhbGVyaWUtMS5qcGciLCJzbGlkZXNob3ciOiI0NTlmZDdmIn0%3D\" href='https:\/\/bordoband.cz\/wp-content\/uploads\/2019\/02\/13_fotogalerie-1.jpg'><img loading=\"lazy\" decoding=\"async\" width=\"180\" height=\"180\" src=\"https:\/\/bordoband.cz\/wp-content\/uploads\/2019\/02\/13_fotogalerie-1-180x180.jpg\" class=\"attachment-my-music-band-testimonial size-my-music-band-testimonial\" alt=\"\" srcset=\"https:\/\/bordoband.cz\/wp-content\/uploads\/2019\/02\/13_fotogalerie-1-180x180.jpg 180w, https:\/\/bordoband.cz\/wp-content\/uploads\/2019\/02\/13_fotogalerie-1-150x150.jpg 150w\" sizes=\"(max-width: 180px) 100vw, 180px\" \/><\/a>\n\t\t\t<\/div><\/figure>\n\t\t<\/div>\n\t\t<\/div>\n\t\t\t\t\t\t<\/div>\n\t\t\t\t<\/div>\n\t\t\t\t\t<\/div>\n\t\t<\/div>\n\t\t\t\t\t<\/div>\n\t\t<\/section>\n\t\t\t\t<\/div>\n\t\t","protected":false},"excerpt":{"rendered":"","protected":false},"author":2,"featured_media":0,"parent":191,"menu_order":0,"comment_status":"closed","ping_status":"closed","template":"templates\/no-sidebar.php","meta":{"footnotes":""},"class_list":["post-849","page","type-page","status-publish","hentry"],"_links":{"self":[{"href":"https:\/\/bordoband.cz\/index.php\/wp-json\/wp\/v2\/pages\/849","targetHints":{"allow":["GET"]}}],"collection":[{"href":"https:\/\/bordoband.cz\/index.php\/wp-json\/wp\/v2\/pages"}],"about":[{"href":"https:\/\/bordoband.cz\/index.php\/wp-json\/wp\/v2\/types\/page"}],"author":[{"embeddable":true,"href":"https:\/\/bordoband.cz\/index.php\/wp-json\/wp\/v2\/users\/2"}],"replies":[{"embeddable":true,"href":"https:\/\/bordoband.cz\/index.php\/wp-json\/wp\/v2\/comments?post=849"}],"version-history":[{"count":6,"href":"https:\/\/bordoband.cz\/index.php\/wp-json\/wp\/v2\/pages\/849\/revisions"}],"predecessor-version":[{"id":3225,"href":"https:\/\/bordoband.cz\/index.php\/wp-json\/wp\/v2\/pages\/849\/revisions\/3225"}],"up":[{"embeddable":true,"href":"https:\/\/bordoband.cz\/index.php\/wp-json\/wp\/v2\/pages\/191"}],"wp:attachment":[{"href":"https:\/\/bordoband.cz\/index.php\/wp-json\/wp\/v2\/media?parent=849"}],"curies":[{"name":"wp","href":"https:\/\/api.w.org\/{rel}","templated":true}]}}