{"id":5341,"date":"2023-06-05T19:14:01","date_gmt":"2023-06-05T17:14:01","guid":{"rendered":"https:\/\/bordoband.cz\/?page_id=5341"},"modified":"2023-06-05T19:28:02","modified_gmt":"2023-06-05T17:28:02","slug":"labe-tour-2023-hostka-jezkuv-mlyn","status":"publish","type":"page","link":"https:\/\/bordoband.cz\/index.php\/fanzone\/fotogalerie\/labe-tour-2023-hostka-jezkuv-mlyn\/","title":{"rendered":"Ho\u0161tka Je\u017ek\u016fv Ml\u00fdn 20.5.2023"},"content":{"rendered":"\t\t<div data-elementor-type=\"wp-page\" data-elementor-id=\"5341\" class=\"elementor elementor-5341\" data-elementor-post-type=\"page\">\n\t\t\t\t\t\t<section class=\"elementor-section elementor-top-section elementor-element elementor-element-b49d641 elementor-section-boxed elementor-section-height-default elementor-section-height-default\" data-id=\"b49d641\" data-element_type=\"section\" data-e-type=\"section\">\n\t\t\t\t\t\t<div class=\"elementor-container elementor-column-gap-default\">\n\t\t\t\t\t<div class=\"elementor-column elementor-col-100 elementor-top-column elementor-element elementor-element-2da3ddc\" data-id=\"2da3ddc\" data-element_type=\"column\" data-e-type=\"column\">\n\t\t\t<div class=\"elementor-widget-wrap elementor-element-populated\">\n\t\t\t\t\t\t<div class=\"elementor-element elementor-element-3a8f8a5 elementor-widget elementor-widget-image-gallery\" data-id=\"3a8f8a5\" data-element_type=\"widget\" data-e-type=\"widget\" data-widget_type=\"image-gallery.default\">\n\t\t\t\t<div class=\"elementor-widget-container\">\n\t\t\t\t\t\t\t<div class=\"elementor-image-gallery\">\n\t\t\t<div id='gallery-1' class='gallery galleryid-5341 gallery-columns-5 gallery-size-thumbnail'><figure class='gallery-item'>\n\t\t\t<div class='gallery-icon portrait'>\n\t\t\t\t<a data-elementor-open-lightbox=\"yes\" data-elementor-lightbox-slideshow=\"3a8f8a5\" data-elementor-lightbox-title=\"2023-05-20_Hostka_04\" data-e-action-hash=\"#elementor-action%3Aaction%3Dlightbox%26settings%3DeyJpZCI6NTMyMywidXJsIjoiaHR0cHM6XC9cL2JvcmRvYmFuZC5jelwvd3AtY29udGVudFwvdXBsb2Fkc1wvMjAyM1wvMDZcLzIwMjMtMDUtMjBfSG9zdGthXzA0LWUxNjg1OTg1OTIwODIyLmpwZyIsInNsaWRlc2hvdyI6IjNhOGY4YTUifQ%3D%3D\" href='https:\/\/bordoband.cz\/wp-content\/uploads\/2023\/06\/2023-05-20_Hostka_04-e1685985920822.jpg'><img decoding=\"async\" width=\"150\" height=\"150\" src=\"https:\/\/bordoband.cz\/wp-content\/uploads\/2023\/06\/2023-05-20_Hostka_04-e1685985920822-150x150.jpg\" class=\"attachment-thumbnail size-thumbnail\" alt=\"\" srcset=\"https:\/\/bordoband.cz\/wp-content\/uploads\/2023\/06\/2023-05-20_Hostka_04-e1685985920822-150x150.jpg 150w, https:\/\/bordoband.cz\/wp-content\/uploads\/2023\/06\/2023-05-20_Hostka_04-e1685985920822-640x640.jpg 640w, https:\/\/bordoband.cz\/wp-content\/uploads\/2023\/06\/2023-05-20_Hostka_04-e1685985920822-180x180.jpg 180w\" sizes=\"(max-width: 150px) 100vw, 150px\" \/><\/a>\n\t\t\t<\/div><\/figure><figure class='gallery-item'>\n\t\t\t<div class='gallery-icon landscape'>\n\t\t\t\t<a data-elementor-open-lightbox=\"yes\" data-elementor-lightbox-slideshow=\"3a8f8a5\" data-elementor-lightbox-title=\"2023-05-20_Hostka_03\" data-e-action-hash=\"#elementor-action%3Aaction%3Dlightbox%26settings%3DeyJpZCI6NTMyMiwidXJsIjoiaHR0cHM6XC9cL2JvcmRvYmFuZC5jelwvd3AtY29udGVudFwvdXBsb2Fkc1wvMjAyM1wvMDZcLzIwMjMtMDUtMjBfSG9zdGthXzAzLWUxNjg1OTg1OTMzNzUxLmpwZyIsInNsaWRlc2hvdyI6IjNhOGY4YTUifQ%3D%3D\" href='https:\/\/bordoband.cz\/wp-content\/uploads\/2023\/06\/2023-05-20_Hostka_03-e1685985933751.jpg'><img decoding=\"async\" width=\"150\" height=\"150\" src=\"https:\/\/bordoband.cz\/wp-content\/uploads\/2023\/06\/2023-05-20_Hostka_03-e1685985933751-150x150.jpg\" class=\"attachment-thumbnail size-thumbnail\" alt=\"\" srcset=\"https:\/\/bordoband.cz\/wp-content\/uploads\/2023\/06\/2023-05-20_Hostka_03-e1685985933751-150x150.jpg 150w, https:\/\/bordoband.cz\/wp-content\/uploads\/2023\/06\/2023-05-20_Hostka_03-e1685985933751-180x180.jpg 180w\" sizes=\"(max-width: 150px) 100vw, 150px\" \/><\/a>\n\t\t\t<\/div><\/figure><figure class='gallery-item'>\n\t\t\t<div class='gallery-icon landscape'>\n\t\t\t\t<a data-elementor-open-lightbox=\"yes\" data-elementor-lightbox-slideshow=\"3a8f8a5\" data-elementor-lightbox-title=\"2023-05-20_Hostka_14\" data-e-action-hash=\"#elementor-action%3Aaction%3Dlightbox%26settings%3DeyJpZCI6NTMzMywidXJsIjoiaHR0cHM6XC9cL2JvcmRvYmFuZC5jelwvd3AtY29udGVudFwvdXBsb2Fkc1wvMjAyM1wvMDZcLzIwMjMtMDUtMjBfSG9zdGthXzE0LXNjYWxlZC1lMTY4NTk4NTgwODM1OC5qcGciLCJzbGlkZXNob3ciOiIzYThmOGE1In0%3D\" href='https:\/\/bordoband.cz\/wp-content\/uploads\/2023\/06\/2023-05-20_Hostka_14-scaled-e1685985808358.jpg'><img decoding=\"async\" width=\"150\" height=\"150\" src=\"https:\/\/bordoband.cz\/wp-content\/uploads\/2023\/06\/2023-05-20_Hostka_14-scaled-e1685985808358-150x150.jpg\" class=\"attachment-thumbnail size-thumbnail\" alt=\"\" srcset=\"https:\/\/bordoband.cz\/wp-content\/uploads\/2023\/06\/2023-05-20_Hostka_14-scaled-e1685985808358-150x150.jpg 150w, https:\/\/bordoband.cz\/wp-content\/uploads\/2023\/06\/2023-05-20_Hostka_14-scaled-e1685985808358-180x180.jpg 180w\" sizes=\"(max-width: 150px) 100vw, 150px\" \/><\/a>\n\t\t\t<\/div><\/figure><figure class='gallery-item'>\n\t\t\t<div class='gallery-icon portrait'>\n\t\t\t\t<a data-elementor-open-lightbox=\"yes\" data-elementor-lightbox-slideshow=\"3a8f8a5\" data-elementor-lightbox-title=\"2023-05-20_Hostka_15\" data-e-action-hash=\"#elementor-action%3Aaction%3Dlightbox%26settings%3DeyJpZCI6NTMzNCwidXJsIjoiaHR0cHM6XC9cL2JvcmRvYmFuZC5jelwvd3AtY29udGVudFwvdXBsb2Fkc1wvMjAyM1wvMDZcLzIwMjMtMDUtMjBfSG9zdGthXzE1LXNjYWxlZC1lMTY4NTk4NTc4NjEwOC5qcGciLCJzbGlkZXNob3ciOiIzYThmOGE1In0%3D\" href='https:\/\/bordoband.cz\/wp-content\/uploads\/2023\/06\/2023-05-20_Hostka_15-scaled-e1685985786108.jpg'><img loading=\"lazy\" decoding=\"async\" width=\"150\" height=\"150\" src=\"https:\/\/bordoband.cz\/wp-content\/uploads\/2023\/06\/2023-05-20_Hostka_15-scaled-e1685985786108-150x150.jpg\" class=\"attachment-thumbnail size-thumbnail\" alt=\"\" srcset=\"https:\/\/bordoband.cz\/wp-content\/uploads\/2023\/06\/2023-05-20_Hostka_15-scaled-e1685985786108-150x150.jpg 150w, https:\/\/bordoband.cz\/wp-content\/uploads\/2023\/06\/2023-05-20_Hostka_15-scaled-e1685985786108-180x180.jpg 180w\" sizes=\"(max-width: 150px) 100vw, 150px\" \/><\/a>\n\t\t\t<\/div><\/figure><figure class='gallery-item'>\n\t\t\t<div class='gallery-icon portrait'>\n\t\t\t\t<a data-elementor-open-lightbox=\"yes\" data-elementor-lightbox-slideshow=\"3a8f8a5\" data-elementor-lightbox-title=\"2023-05-20_Hostka_16\" data-e-action-hash=\"#elementor-action%3Aaction%3Dlightbox%26settings%3DeyJpZCI6NTMzNSwidXJsIjoiaHR0cHM6XC9cL2JvcmRvYmFuZC5jelwvd3AtY29udGVudFwvdXBsb2Fkc1wvMjAyM1wvMDZcLzIwMjMtMDUtMjBfSG9zdGthXzE2LWUxNjg1OTg1NzY5NDEyLmpwZyIsInNsaWRlc2hvdyI6IjNhOGY4YTUifQ%3D%3D\" href='https:\/\/bordoband.cz\/wp-content\/uploads\/2023\/06\/2023-05-20_Hostka_16-e1685985769412.jpg'><img loading=\"lazy\" decoding=\"async\" width=\"150\" height=\"150\" src=\"https:\/\/bordoband.cz\/wp-content\/uploads\/2023\/06\/2023-05-20_Hostka_16-e1685985769412-150x150.jpg\" class=\"attachment-thumbnail size-thumbnail\" alt=\"\" srcset=\"https:\/\/bordoband.cz\/wp-content\/uploads\/2023\/06\/2023-05-20_Hostka_16-e1685985769412-150x150.jpg 150w, https:\/\/bordoband.cz\/wp-content\/uploads\/2023\/06\/2023-05-20_Hostka_16-e1685985769412-180x180.jpg 180w\" sizes=\"(max-width: 150px) 100vw, 150px\" \/><\/a>\n\t\t\t<\/div><\/figure><figure class='gallery-item'>\n\t\t\t<div class='gallery-icon landscape'>\n\t\t\t\t<a data-elementor-open-lightbox=\"yes\" data-elementor-lightbox-slideshow=\"3a8f8a5\" data-elementor-lightbox-title=\"2023-05-20_Hostka_06\" data-e-action-hash=\"#elementor-action%3Aaction%3Dlightbox%26settings%3DeyJpZCI6NTMyNSwidXJsIjoiaHR0cHM6XC9cL2JvcmRvYmFuZC5jelwvd3AtY29udGVudFwvdXBsb2Fkc1wvMjAyM1wvMDZcLzIwMjMtMDUtMjBfSG9zdGthXzA2LWUxNjg1OTg1ODk5NzU0LmpwZyIsInNsaWRlc2hvdyI6IjNhOGY4YTUifQ%3D%3D\" href='https:\/\/bordoband.cz\/wp-content\/uploads\/2023\/06\/2023-05-20_Hostka_06-e1685985899754.jpg'><img loading=\"lazy\" decoding=\"async\" width=\"150\" height=\"150\" src=\"https:\/\/bordoband.cz\/wp-content\/uploads\/2023\/06\/2023-05-20_Hostka_06-e1685985899754-150x150.jpg\" class=\"attachment-thumbnail size-thumbnail\" alt=\"\" srcset=\"https:\/\/bordoband.cz\/wp-content\/uploads\/2023\/06\/2023-05-20_Hostka_06-e1685985899754-150x150.jpg 150w, https:\/\/bordoband.cz\/wp-content\/uploads\/2023\/06\/2023-05-20_Hostka_06-e1685985899754-180x180.jpg 180w\" sizes=\"(max-width: 150px) 100vw, 150px\" \/><\/a>\n\t\t\t<\/div><\/figure><figure class='gallery-item'>\n\t\t\t<div class='gallery-icon landscape'>\n\t\t\t\t<a data-elementor-open-lightbox=\"yes\" data-elementor-lightbox-slideshow=\"3a8f8a5\" data-elementor-lightbox-title=\"2023-05-20_Hostka_18\" data-e-action-hash=\"#elementor-action%3Aaction%3Dlightbox%26settings%3DeyJpZCI6NTMzNywidXJsIjoiaHR0cHM6XC9cL2JvcmRvYmFuZC5jelwvd3AtY29udGVudFwvdXBsb2Fkc1wvMjAyM1wvMDZcLzIwMjMtMDUtMjBfSG9zdGthXzE4LXNjYWxlZC1lMTY4NTk4NTcyODczMy5qcGciLCJzbGlkZXNob3ciOiIzYThmOGE1In0%3D\" href='https:\/\/bordoband.cz\/wp-content\/uploads\/2023\/06\/2023-05-20_Hostka_18-scaled-e1685985728733.jpg'><img loading=\"lazy\" decoding=\"async\" width=\"150\" height=\"150\" src=\"https:\/\/bordoband.cz\/wp-content\/uploads\/2023\/06\/2023-05-20_Hostka_18-scaled-e1685985728733-150x150.jpg\" class=\"attachment-thumbnail size-thumbnail\" alt=\"\" srcset=\"https:\/\/bordoband.cz\/wp-content\/uploads\/2023\/06\/2023-05-20_Hostka_18-scaled-e1685985728733-150x150.jpg 150w, https:\/\/bordoband.cz\/wp-content\/uploads\/2023\/06\/2023-05-20_Hostka_18-scaled-e1685985728733-180x180.jpg 180w\" sizes=\"(max-width: 150px) 100vw, 150px\" \/><\/a>\n\t\t\t<\/div><\/figure><figure class='gallery-item'>\n\t\t\t<div class='gallery-icon landscape'>\n\t\t\t\t<a data-elementor-open-lightbox=\"yes\" data-elementor-lightbox-slideshow=\"3a8f8a5\" data-elementor-lightbox-title=\"2023-05-20_Hostka_12\" data-e-action-hash=\"#elementor-action%3Aaction%3Dlightbox%26settings%3DeyJpZCI6NTMzMSwidXJsIjoiaHR0cHM6XC9cL2JvcmRvYmFuZC5jelwvd3AtY29udGVudFwvdXBsb2Fkc1wvMjAyM1wvMDZcLzIwMjMtMDUtMjBfSG9zdGthXzEyLWUxNjg1OTg1ODM0NTY1LmpwZyIsInNsaWRlc2hvdyI6IjNhOGY4YTUifQ%3D%3D\" href='https:\/\/bordoband.cz\/wp-content\/uploads\/2023\/06\/2023-05-20_Hostka_12-e1685985834565.jpg'><img loading=\"lazy\" decoding=\"async\" width=\"150\" height=\"150\" src=\"https:\/\/bordoband.cz\/wp-content\/uploads\/2023\/06\/2023-05-20_Hostka_12-e1685985834565-150x150.jpg\" class=\"attachment-thumbnail size-thumbnail\" alt=\"\" srcset=\"https:\/\/bordoband.cz\/wp-content\/uploads\/2023\/06\/2023-05-20_Hostka_12-e1685985834565-150x150.jpg 150w, https:\/\/bordoband.cz\/wp-content\/uploads\/2023\/06\/2023-05-20_Hostka_12-e1685985834565-180x180.jpg 180w\" sizes=\"(max-width: 150px) 100vw, 150px\" \/><\/a>\n\t\t\t<\/div><\/figure><figure class='gallery-item'>\n\t\t\t<div class='gallery-icon landscape'>\n\t\t\t\t<a data-elementor-open-lightbox=\"yes\" data-elementor-lightbox-slideshow=\"3a8f8a5\" data-elementor-lightbox-title=\"2023-05-20_Hostka_11\" data-e-action-hash=\"#elementor-action%3Aaction%3Dlightbox%26settings%3DeyJpZCI6NTMzMCwidXJsIjoiaHR0cHM6XC9cL2JvcmRvYmFuZC5jelwvd3AtY29udGVudFwvdXBsb2Fkc1wvMjAyM1wvMDZcLzIwMjMtMDUtMjBfSG9zdGthXzExLWUxNjg1OTg1ODQ2OTUzLmpwZyIsInNsaWRlc2hvdyI6IjNhOGY4YTUifQ%3D%3D\" href='https:\/\/bordoband.cz\/wp-content\/uploads\/2023\/06\/2023-05-20_Hostka_11-e1685985846953.jpg'><img loading=\"lazy\" decoding=\"async\" width=\"150\" height=\"150\" src=\"https:\/\/bordoband.cz\/wp-content\/uploads\/2023\/06\/2023-05-20_Hostka_11-e1685985846953-150x150.jpg\" class=\"attachment-thumbnail size-thumbnail\" alt=\"\" srcset=\"https:\/\/bordoband.cz\/wp-content\/uploads\/2023\/06\/2023-05-20_Hostka_11-e1685985846953-150x150.jpg 150w, https:\/\/bordoband.cz\/wp-content\/uploads\/2023\/06\/2023-05-20_Hostka_11-e1685985846953-180x180.jpg 180w\" sizes=\"(max-width: 150px) 100vw, 150px\" \/><\/a>\n\t\t\t<\/div><\/figure><figure class='gallery-item'>\n\t\t\t<div class='gallery-icon landscape'>\n\t\t\t\t<a data-elementor-open-lightbox=\"yes\" data-elementor-lightbox-slideshow=\"3a8f8a5\" data-elementor-lightbox-title=\"2023-05-20_Hostka_09\" data-e-action-hash=\"#elementor-action%3Aaction%3Dlightbox%26settings%3DeyJpZCI6NTMyOCwidXJsIjoiaHR0cHM6XC9cL2JvcmRvYmFuZC5jelwvd3AtY29udGVudFwvdXBsb2Fkc1wvMjAyM1wvMDZcLzIwMjMtMDUtMjBfSG9zdGthXzA5LWUxNjg1OTg1ODY1Mjg1LmpwZyIsInNsaWRlc2hvdyI6IjNhOGY4YTUifQ%3D%3D\" href='https:\/\/bordoband.cz\/wp-content\/uploads\/2023\/06\/2023-05-20_Hostka_09-e1685985865285.jpg'><img loading=\"lazy\" decoding=\"async\" width=\"150\" height=\"150\" src=\"https:\/\/bordoband.cz\/wp-content\/uploads\/2023\/06\/2023-05-20_Hostka_09-e1685985865285-150x150.jpg\" class=\"attachment-thumbnail size-thumbnail\" alt=\"\" srcset=\"https:\/\/bordoband.cz\/wp-content\/uploads\/2023\/06\/2023-05-20_Hostka_09-e1685985865285-150x150.jpg 150w, https:\/\/bordoband.cz\/wp-content\/uploads\/2023\/06\/2023-05-20_Hostka_09-e1685985865285-180x180.jpg 180w\" sizes=\"(max-width: 150px) 100vw, 150px\" \/><\/a>\n\t\t\t<\/div><\/figure><figure class='gallery-item'>\n\t\t\t<div class='gallery-icon landscape'>\n\t\t\t\t<a data-elementor-open-lightbox=\"yes\" data-elementor-lightbox-slideshow=\"3a8f8a5\" data-elementor-lightbox-title=\"2023-05-20_Hostka_07\" data-e-action-hash=\"#elementor-action%3Aaction%3Dlightbox%26settings%3DeyJpZCI6NTMyNiwidXJsIjoiaHR0cHM6XC9cL2JvcmRvYmFuZC5jelwvd3AtY29udGVudFwvdXBsb2Fkc1wvMjAyM1wvMDZcLzIwMjMtMDUtMjBfSG9zdGthXzA3LWUxNjg1OTg1ODg4NDY4LmpwZyIsInNsaWRlc2hvdyI6IjNhOGY4YTUifQ%3D%3D\" href='https:\/\/bordoband.cz\/wp-content\/uploads\/2023\/06\/2023-05-20_Hostka_07-e1685985888468.jpg'><img loading=\"lazy\" decoding=\"async\" width=\"150\" height=\"150\" src=\"https:\/\/bordoband.cz\/wp-content\/uploads\/2023\/06\/2023-05-20_Hostka_07-e1685985888468-150x150.jpg\" class=\"attachment-thumbnail size-thumbnail\" alt=\"\" srcset=\"https:\/\/bordoband.cz\/wp-content\/uploads\/2023\/06\/2023-05-20_Hostka_07-e1685985888468-150x150.jpg 150w, https:\/\/bordoband.cz\/wp-content\/uploads\/2023\/06\/2023-05-20_Hostka_07-e1685985888468-180x180.jpg 180w\" sizes=\"(max-width: 150px) 100vw, 150px\" \/><\/a>\n\t\t\t<\/div><\/figure><figure class='gallery-item'>\n\t\t\t<div class='gallery-icon landscape'>\n\t\t\t\t<a data-elementor-open-lightbox=\"yes\" data-elementor-lightbox-slideshow=\"3a8f8a5\" data-elementor-lightbox-title=\"2023-05-20_Hostka_13\" data-e-action-hash=\"#elementor-action%3Aaction%3Dlightbox%26settings%3DeyJpZCI6NTMzMiwidXJsIjoiaHR0cHM6XC9cL2JvcmRvYmFuZC5jelwvd3AtY29udGVudFwvdXBsb2Fkc1wvMjAyM1wvMDZcLzIwMjMtMDUtMjBfSG9zdGthXzEzLXNjYWxlZC1lMTY4NTk4NTgyMjQ1Ny5qcGciLCJzbGlkZXNob3ciOiIzYThmOGE1In0%3D\" href='https:\/\/bordoband.cz\/wp-content\/uploads\/2023\/06\/2023-05-20_Hostka_13-scaled-e1685985822457.jpg'><img loading=\"lazy\" decoding=\"async\" width=\"150\" height=\"150\" src=\"https:\/\/bordoband.cz\/wp-content\/uploads\/2023\/06\/2023-05-20_Hostka_13-scaled-e1685985822457-150x150.jpg\" class=\"attachment-thumbnail size-thumbnail\" alt=\"\" srcset=\"https:\/\/bordoband.cz\/wp-content\/uploads\/2023\/06\/2023-05-20_Hostka_13-scaled-e1685985822457-150x150.jpg 150w, https:\/\/bordoband.cz\/wp-content\/uploads\/2023\/06\/2023-05-20_Hostka_13-scaled-e1685985822457-180x180.jpg 180w\" sizes=\"(max-width: 150px) 100vw, 150px\" \/><\/a>\n\t\t\t<\/div><\/figure><figure class='gallery-item'>\n\t\t\t<div class='gallery-icon portrait'>\n\t\t\t\t<a data-elementor-open-lightbox=\"yes\" data-elementor-lightbox-slideshow=\"3a8f8a5\" data-elementor-lightbox-title=\"2023-05-20_Hostka_17\" data-e-action-hash=\"#elementor-action%3Aaction%3Dlightbox%26settings%3DeyJpZCI6NTMzNiwidXJsIjoiaHR0cHM6XC9cL2JvcmRvYmFuZC5jelwvd3AtY29udGVudFwvdXBsb2Fkc1wvMjAyM1wvMDZcLzIwMjMtMDUtMjBfSG9zdGthXzE3LXNjYWxlZC1lMTY4NTk4NTc0OTMxOS5qcGciLCJzbGlkZXNob3ciOiIzYThmOGE1In0%3D\" href='https:\/\/bordoband.cz\/wp-content\/uploads\/2023\/06\/2023-05-20_Hostka_17-scaled-e1685985749319.jpg'><img loading=\"lazy\" decoding=\"async\" width=\"150\" height=\"150\" src=\"https:\/\/bordoband.cz\/wp-content\/uploads\/2023\/06\/2023-05-20_Hostka_17-scaled-e1685985749319-150x150.jpg\" class=\"attachment-thumbnail size-thumbnail\" alt=\"\" srcset=\"https:\/\/bordoband.cz\/wp-content\/uploads\/2023\/06\/2023-05-20_Hostka_17-scaled-e1685985749319-150x150.jpg 150w, https:\/\/bordoband.cz\/wp-content\/uploads\/2023\/06\/2023-05-20_Hostka_17-scaled-e1685985749319-180x180.jpg 180w\" sizes=\"(max-width: 150px) 100vw, 150px\" \/><\/a>\n\t\t\t<\/div><\/figure><figure class='gallery-item'>\n\t\t\t<div class='gallery-icon landscape'>\n\t\t\t\t<a data-elementor-open-lightbox=\"yes\" data-elementor-lightbox-slideshow=\"3a8f8a5\" data-elementor-lightbox-title=\"2023-05-20_Hostka_05\" data-e-action-hash=\"#elementor-action%3Aaction%3Dlightbox%26settings%3DeyJpZCI6NTMyNCwidXJsIjoiaHR0cHM6XC9cL2JvcmRvYmFuZC5jelwvd3AtY29udGVudFwvdXBsb2Fkc1wvMjAyM1wvMDZcLzIwMjMtMDUtMjBfSG9zdGthXzA1LWUxNjg1OTg1OTA5MzM2LmpwZyIsInNsaWRlc2hvdyI6IjNhOGY4YTUifQ%3D%3D\" href='https:\/\/bordoband.cz\/wp-content\/uploads\/2023\/06\/2023-05-20_Hostka_05-e1685985909336.jpg'><img loading=\"lazy\" decoding=\"async\" width=\"150\" height=\"150\" src=\"https:\/\/bordoband.cz\/wp-content\/uploads\/2023\/06\/2023-05-20_Hostka_05-e1685985909336-150x150.jpg\" class=\"attachment-thumbnail size-thumbnail\" alt=\"\" srcset=\"https:\/\/bordoband.cz\/wp-content\/uploads\/2023\/06\/2023-05-20_Hostka_05-e1685985909336-150x150.jpg 150w, https:\/\/bordoband.cz\/wp-content\/uploads\/2023\/06\/2023-05-20_Hostka_05-e1685985909336-180x180.jpg 180w\" sizes=\"(max-width: 150px) 100vw, 150px\" \/><\/a>\n\t\t\t<\/div><\/figure><figure class='gallery-item'>\n\t\t\t<div class='gallery-icon landscape'>\n\t\t\t\t<a data-elementor-open-lightbox=\"yes\" data-elementor-lightbox-slideshow=\"3a8f8a5\" data-elementor-lightbox-title=\"2023-05-20_Hostka_02\" data-e-action-hash=\"#elementor-action%3Aaction%3Dlightbox%26settings%3DeyJpZCI6NTMyMSwidXJsIjoiaHR0cHM6XC9cL2JvcmRvYmFuZC5jelwvd3AtY29udGVudFwvdXBsb2Fkc1wvMjAyM1wvMDZcLzIwMjMtMDUtMjBfSG9zdGthXzAyLXNjYWxlZC1lMTY4NTk4NTk0MjgyOC5qcGciLCJzbGlkZXNob3ciOiIzYThmOGE1In0%3D\" href='https:\/\/bordoband.cz\/wp-content\/uploads\/2023\/06\/2023-05-20_Hostka_02-scaled-e1685985942828.jpg'><img loading=\"lazy\" decoding=\"async\" width=\"150\" height=\"150\" src=\"https:\/\/bordoband.cz\/wp-content\/uploads\/2023\/06\/2023-05-20_Hostka_02-scaled-e1685985942828-150x150.jpg\" class=\"attachment-thumbnail size-thumbnail\" alt=\"\" srcset=\"https:\/\/bordoband.cz\/wp-content\/uploads\/2023\/06\/2023-05-20_Hostka_02-scaled-e1685985942828-150x150.jpg 150w, https:\/\/bordoband.cz\/wp-content\/uploads\/2023\/06\/2023-05-20_Hostka_02-scaled-e1685985942828-180x180.jpg 180w\" sizes=\"(max-width: 150px) 100vw, 150px\" \/><\/a>\n\t\t\t<\/div><\/figure><figure class='gallery-item'>\n\t\t\t<div class='gallery-icon landscape'>\n\t\t\t\t<a data-elementor-open-lightbox=\"yes\" data-elementor-lightbox-slideshow=\"3a8f8a5\" data-elementor-lightbox-title=\"2023-05-20_Hostka_10\" data-e-action-hash=\"#elementor-action%3Aaction%3Dlightbox%26settings%3DeyJpZCI6NTMyOSwidXJsIjoiaHR0cHM6XC9cL2JvcmRvYmFuZC5jelwvd3AtY29udGVudFwvdXBsb2Fkc1wvMjAyM1wvMDZcLzIwMjMtMDUtMjBfSG9zdGthXzEwLWUxNjg1OTg1ODU1Mzg5LmpwZyIsInNsaWRlc2hvdyI6IjNhOGY4YTUifQ%3D%3D\" href='https:\/\/bordoband.cz\/wp-content\/uploads\/2023\/06\/2023-05-20_Hostka_10-e1685985855389.jpg'><img loading=\"lazy\" decoding=\"async\" width=\"150\" height=\"150\" src=\"https:\/\/bordoband.cz\/wp-content\/uploads\/2023\/06\/2023-05-20_Hostka_10-e1685985855389-150x150.jpg\" class=\"attachment-thumbnail size-thumbnail\" alt=\"\" srcset=\"https:\/\/bordoband.cz\/wp-content\/uploads\/2023\/06\/2023-05-20_Hostka_10-e1685985855389-150x150.jpg 150w, https:\/\/bordoband.cz\/wp-content\/uploads\/2023\/06\/2023-05-20_Hostka_10-e1685985855389-180x180.jpg 180w\" sizes=\"(max-width: 150px) 100vw, 150px\" \/><\/a>\n\t\t\t<\/div><\/figure><figure class='gallery-item'>\n\t\t\t<div class='gallery-icon landscape'>\n\t\t\t\t<a data-elementor-open-lightbox=\"yes\" data-elementor-lightbox-slideshow=\"3a8f8a5\" data-elementor-lightbox-title=\"2023-05-20_Hostka_08\" data-e-action-hash=\"#elementor-action%3Aaction%3Dlightbox%26settings%3DeyJpZCI6NTMyNywidXJsIjoiaHR0cHM6XC9cL2JvcmRvYmFuZC5jelwvd3AtY29udGVudFwvdXBsb2Fkc1wvMjAyM1wvMDZcLzIwMjMtMDUtMjBfSG9zdGthXzA4LWUxNjg1OTg1ODc2NDE3LmpwZyIsInNsaWRlc2hvdyI6IjNhOGY4YTUifQ%3D%3D\" href='https:\/\/bordoband.cz\/wp-content\/uploads\/2023\/06\/2023-05-20_Hostka_08-e1685985876417.jpg'><img loading=\"lazy\" decoding=\"async\" width=\"150\" height=\"150\" src=\"https:\/\/bordoband.cz\/wp-content\/uploads\/2023\/06\/2023-05-20_Hostka_08-e1685985876417-150x150.jpg\" class=\"attachment-thumbnail size-thumbnail\" alt=\"\" srcset=\"https:\/\/bordoband.cz\/wp-content\/uploads\/2023\/06\/2023-05-20_Hostka_08-e1685985876417-150x150.jpg 150w, https:\/\/bordoband.cz\/wp-content\/uploads\/2023\/06\/2023-05-20_Hostka_08-e1685985876417-180x180.jpg 180w\" sizes=\"(max-width: 150px) 100vw, 150px\" \/><\/a>\n\t\t\t<\/div><\/figure><figure class='gallery-item'>\n\t\t\t<div class='gallery-icon landscape'>\n\t\t\t\t<a data-elementor-open-lightbox=\"yes\" data-elementor-lightbox-slideshow=\"3a8f8a5\" data-elementor-lightbox-title=\"2023-05-20_Hostka_01\" data-e-action-hash=\"#elementor-action%3Aaction%3Dlightbox%26settings%3DeyJpZCI6NTMyMCwidXJsIjoiaHR0cHM6XC9cL2JvcmRvYmFuZC5jelwvd3AtY29udGVudFwvdXBsb2Fkc1wvMjAyM1wvMDZcLzIwMjMtMDUtMjBfSG9zdGthXzAxLWUxNjg1OTg1OTU1MjM0LmpwZyIsInNsaWRlc2hvdyI6IjNhOGY4YTUifQ%3D%3D\" href='https:\/\/bordoband.cz\/wp-content\/uploads\/2023\/06\/2023-05-20_Hostka_01-e1685985955234.jpg'><img loading=\"lazy\" decoding=\"async\" width=\"150\" height=\"150\" src=\"https:\/\/bordoband.cz\/wp-content\/uploads\/2023\/06\/2023-05-20_Hostka_01-e1685985955234-150x150.jpg\" class=\"attachment-thumbnail size-thumbnail\" alt=\"\" srcset=\"https:\/\/bordoband.cz\/wp-content\/uploads\/2023\/06\/2023-05-20_Hostka_01-e1685985955234-150x150.jpg 150w, https:\/\/bordoband.cz\/wp-content\/uploads\/2023\/06\/2023-05-20_Hostka_01-e1685985955234-180x180.jpg 180w\" sizes=\"(max-width: 150px) 100vw, 150px\" \/><\/a>\n\t\t\t<\/div><\/figure>\n\t\t<\/div>\n\t\t<\/div>\n\t\t\t\t\t\t<\/div>\n\t\t\t\t<\/div>\n\t\t\t\t\t<\/div>\n\t\t<\/div>\n\t\t\t\t\t<\/div>\n\t\t<\/section>\n\t\t\t\t<\/div>\n\t\t","protected":false},"excerpt":{"rendered":"","protected":false},"author":2,"featured_media":0,"parent":191,"menu_order":0,"comment_status":"closed","ping_status":"closed","template":"templates\/no-sidebar.php","meta":{"footnotes":""},"class_list":["post-5341","page","type-page","status-publish","hentry"],"_links":{"self":[{"href":"https:\/\/bordoband.cz\/index.php\/wp-json\/wp\/v2\/pages\/5341","targetHints":{"allow":["GET"]}}],"collection":[{"href":"https:\/\/bordoband.cz\/index.php\/wp-json\/wp\/v2\/pages"}],"about":[{"href":"https:\/\/bordoband.cz\/index.php\/wp-json\/wp\/v2\/types\/page"}],"author":[{"embeddable":true,"href":"https:\/\/bordoband.cz\/index.php\/wp-json\/wp\/v2\/users\/2"}],"replies":[{"embeddable":true,"href":"https:\/\/bordoband.cz\/index.php\/wp-json\/wp\/v2\/comments?post=5341"}],"version-history":[{"count":8,"href":"https:\/\/bordoband.cz\/index.php\/wp-json\/wp\/v2\/pages\/5341\/revisions"}],"predecessor-version":[{"id":5352,"href":"https:\/\/bordoband.cz\/index.php\/wp-json\/wp\/v2\/pages\/5341\/revisions\/5352"}],"up":[{"embeddable":true,"href":"https:\/\/bordoband.cz\/index.php\/wp-json\/wp\/v2\/pages\/191"}],"wp:attachment":[{"href":"https:\/\/bordoband.cz\/index.php\/wp-json\/wp\/v2\/media?parent=5341"}],"curies":[{"name":"wp","href":"https:\/\/api.w.org\/{rel}","templated":true}]}}