{"id":33,"date":"2019-02-12T15:42:59","date_gmt":"2019-02-12T14:42:59","guid":{"rendered":"http:\/\/bordoband.cz\/?page_id=33"},"modified":"2024-08-28T13:14:44","modified_gmt":"2024-08-28T11:14:44","slug":"kapela","status":"publish","type":"page","link":"https:\/\/bordoband.cz\/index.php\/kapela\/","title":{"rendered":"Kapela"},"content":{"rendered":"\t\t<div data-elementor-type=\"wp-post\" data-elementor-id=\"33\" class=\"elementor elementor-33\" data-elementor-post-type=\"page\">\n\t\t\t\t\t\t<section class=\"elementor-section elementor-top-section elementor-element elementor-element-17940f7 elementor-section-boxed elementor-section-height-default elementor-section-height-default\" data-id=\"17940f7\" data-element_type=\"section\" data-e-type=\"section\">\n\t\t\t\t\t\t<div class=\"elementor-container elementor-column-gap-default\">\n\t\t\t\t\t<div class=\"elementor-column elementor-col-66 elementor-top-column elementor-element elementor-element-78ea69a\" data-id=\"78ea69a\" data-element_type=\"column\" data-e-type=\"column\">\n\t\t\t<div class=\"elementor-widget-wrap elementor-element-populated\">\n\t\t\t\t\t\t<div class=\"elementor-element elementor-element-6d162f5 elementor-invisible elementor-widget elementor-widget-text-editor\" data-id=\"6d162f5\" data-element_type=\"widget\" data-e-type=\"widget\" data-settings=\"{&quot;_animation&quot;:&quot;fadeIn&quot;}\" data-widget_type=\"text-editor.default\">\n\t\t\t\t<div class=\"elementor-widget-container\">\n\t\t\t\t\t\t\t\t\t<pre style=\"text-align: left;\"><span style=\"color: #d9d9d9;\"><b>Z\u00e1kladn\u00ed sestava, hostuj\u00edc\u00ed \u010dlenov\u00e9<\/b><\/span><\/pre><p><span style=\"color: #ffffff;\">Pavel \u201eFrito\u201c \u010cerven\u00fd \u2013 akustick\u00e1 kytara, zp\u011bv<br \/><\/span><span style=\"color: #ffffff;\">Milan \u201eKlobouk\u201c Laub \u2013 akustick\u00e1 kytara, elektrick\u00e1 kytara, zp\u011bv<br \/><\/span><span style=\"color: #ffffff;\">Alena Laub Habertizel \u2013 akordeon, zp\u011bv, rytmick\u00e9 n\u00e1stroje<br \/><\/span><span style=\"color: #ffffff;\">Michal Jel\u00ednek \u2013 basov\u00e1 kytara<br \/><\/span><span style=\"color: #ffffff;\">Zd\u011bnek Adam ml. \u2013 bic\u00ed n\u00e1stroje<br \/><\/span><span style=\"color: #ffffff;\">Zd\u011bnek Adam st. \u2013 hoboj a el. dechov\u00e9 n\u00e1stroje<\/span><\/p><p><span style=\"color: #ffffff;\"><br \/><\/span><a href=\"https:\/\/bordoband.cz\/index.php\/kapela\/biografie\/vladislav-doktor-vetrak-vetrovec\/\" target=\"_blank\" rel=\"noopener\">Vladislav\u00a0,,Doktor V\u011btr\u00e1k\u201c V\u011btrovec<\/a><span style=\"font-family: var( --e-global-typography-text-font-family ), Sans-serif; font-size: 1.125rem; font-weight: var( --e-global-typography-text-font-weight ); color: #ffffff;\">\u00a0&#8211; akordeon<\/span><\/p><p>\u00a0<\/p>\t\t\t\t\t\t\t\t<\/div>\n\t\t\t\t<\/div>\n\t\t\t\t\t<\/div>\n\t\t<\/div>\n\t\t\t\t<div class=\"elementor-column elementor-col-33 elementor-top-column elementor-element elementor-element-d31eba6\" data-id=\"d31eba6\" data-element_type=\"column\" data-e-type=\"column\">\n\t\t\t<div class=\"elementor-widget-wrap elementor-element-populated\">\n\t\t\t\t\t\t<div class=\"elementor-element elementor-element-542d508 elementor-invisible elementor-widget elementor-widget-image\" data-id=\"542d508\" data-element_type=\"widget\" data-e-type=\"widget\" data-settings=\"{&quot;_animation&quot;:&quot;fadeInRight&quot;}\" data-widget_type=\"image.default\">\n\t\t\t\t<div class=\"elementor-widget-container\">\n\t\t\t\t\t\t\t\t\t\t\t\t\t\t\t<img fetchpriority=\"high\" decoding=\"async\" width=\"800\" height=\"600\" src=\"https:\/\/bordoband.cz\/wp-content\/uploads\/2024\/05\/2024-04-12_Mydlarna_08-e1714634201114.jpg\" class=\"attachment-full size-full wp-image-5550\" alt=\"\" \/>\t\t\t\t\t\t\t\t\t\t\t\t\t\t\t<\/div>\n\t\t\t\t<\/div>\n\t\t\t\t\t<\/div>\n\t\t<\/div>\n\t\t\t\t\t<\/div>\n\t\t<\/section>\n\t\t\t\t<section class=\"elementor-section elementor-top-section elementor-element elementor-element-672d891 elementor-section-boxed elementor-section-height-default elementor-section-height-default\" data-id=\"672d891\" data-element_type=\"section\" data-e-type=\"section\">\n\t\t\t\t\t\t<div class=\"elementor-container elementor-column-gap-default\">\n\t\t\t\t\t<div class=\"elementor-column elementor-col-100 elementor-top-column elementor-element elementor-element-da032d4\" data-id=\"da032d4\" data-element_type=\"column\" data-e-type=\"column\">\n\t\t\t<div class=\"elementor-widget-wrap elementor-element-populated\">\n\t\t\t\t\t\t<div class=\"elementor-element elementor-element-6c88fb6 elementor-widget elementor-widget-text-editor\" data-id=\"6c88fb6\" data-element_type=\"widget\" data-e-type=\"widget\" data-widget_type=\"text-editor.default\">\n\t\t\t\t<div class=\"elementor-widget-container\">\n\t\t\t\t\t\t\t\t\t<h6 style=\"font-size: 18px;\">B\u00fdval\u00ed \u010dlenov\u00e9<\/h6><p style=\"font-size: 18px;\"><span style=\"color: var( --e-global-color-text ); font-family: var( --e-global-typography-text-font-family ), Sans-serif; font-weight: var( --e-global-typography-text-font-weight ); font-size: 1.125rem;\">Milo\u0161 \u201e\u0158epi\u010d\u201c \u0158epa \u2013 bic\u00ed n\u00e1stroje (zakl\u00e1daj\u00edc\u00ed \u010dlen do 2023)<br \/><\/span><span style=\"color: var( --e-global-color-text ); font-family: var( --e-global-typography-text-font-family ), Sans-serif; font-weight: var( --e-global-typography-text-font-weight ); font-size: 1.125rem;\">Oto \u201eOto\u201c Sukovsk\u00fd \u2013 basov\u00e1 kytara (2021-2023)<br \/><\/span>Ivan \u201eMedv\u011bd\u201c Buli\u010dka \u2013 basov\u00e1 kytara (od kv\u011btna 2019 \u2013 do 2021)<br \/>Milan \u201eFlamberg\u201c Majer\u010d\u00edk \u2013 basov\u00e1 kytara (od jara 2015 do kv\u011btna 2019)<br \/>Kate\u0159ina H\u00e1pov\u00e1 \u2013 p\u0159\u00ed\u010dn\u00e1 fl\u00e9tna (2015 -2019)<br \/>Jan L\u00e9dl \u2013 housle, saxofon (do 2015)<br \/>Fanda Strej\u010dek \u2013 saxofon, fl\u00e9tna\u00a0<br \/>Jarda Krobot \u2013 basov\u00e1 kytara (zakl\u00e1daj\u00edc\u00ed \u010dlen do 2015)<\/p>\t\t\t\t\t\t\t\t<\/div>\n\t\t\t\t<\/div>\n\t\t\t\t\t<\/div>\n\t\t<\/div>\n\t\t\t\t\t<\/div>\n\t\t<\/section>\n\t\t\t\t<section class=\"elementor-section elementor-top-section elementor-element elementor-element-aff5ba4 elementor-section-boxed elementor-section-height-default elementor-section-height-default\" data-id=\"aff5ba4\" data-element_type=\"section\" data-e-type=\"section\">\n\t\t\t\t\t\t<div class=\"elementor-container elementor-column-gap-default\">\n\t\t\t\t\t<div class=\"elementor-column elementor-col-100 elementor-top-column elementor-element elementor-element-8a216d6\" data-id=\"8a216d6\" data-element_type=\"column\" data-e-type=\"column\">\n\t\t\t<div class=\"elementor-widget-wrap elementor-element-populated\">\n\t\t\t\t\t\t<div class=\"elementor-element elementor-element-ddccbdf elementor-widget-divider--view-line elementor-invisible elementor-widget elementor-widget-divider\" data-id=\"ddccbdf\" data-element_type=\"widget\" data-e-type=\"widget\" data-settings=\"{&quot;_animation&quot;:&quot;fadeIn&quot;}\" data-widget_type=\"divider.default\">\n\t\t\t\t<div class=\"elementor-widget-container\">\n\t\t\t\t\t\t\t<div class=\"elementor-divider\">\n\t\t\t<span class=\"elementor-divider-separator\">\n\t\t\t\t\t\t<\/span>\n\t\t<\/div>\n\t\t\t\t\t\t<\/div>\n\t\t\t\t<\/div>\n\t\t\t\t\t<\/div>\n\t\t<\/div>\n\t\t\t\t\t<\/div>\n\t\t<\/section>\n\t\t\t\t<section class=\"elementor-section elementor-top-section elementor-element elementor-element-529fb14 elementor-section-content-middle elementor-section-boxed elementor-section-height-default elementor-section-height-default elementor-invisible\" data-id=\"529fb14\" data-element_type=\"section\" data-e-type=\"section\" data-settings=\"{&quot;animation&quot;:&quot;fadeIn&quot;}\">\n\t\t\t\t\t\t<div class=\"elementor-container elementor-column-gap-default\">\n\t\t\t\t\t<div class=\"elementor-column elementor-col-33 elementor-top-column elementor-element elementor-element-d1da6f8\" data-id=\"d1da6f8\" data-element_type=\"column\" data-e-type=\"column\">\n\t\t\t<div class=\"elementor-widget-wrap elementor-element-populated\">\n\t\t\t\t\t\t<div class=\"elementor-element elementor-element-2f330d5 elementor-invisible elementor-widget elementor-widget-text-editor\" data-id=\"2f330d5\" data-element_type=\"widget\" data-e-type=\"widget\" data-settings=\"{&quot;_animation&quot;:&quot;fadeIn&quot;}\" data-widget_type=\"text-editor.default\">\n\t\t\t\t<div class=\"elementor-widget-container\">\n\t\t\t\t\t\t\t\t\t<p><span style=\"color: #969696;\"><strong><br \/>Kapela Bordo<br \/><\/strong>Roudnice nad Labem<\/span><br \/><span style=\"color: #969696;\">+420 774 190 379<\/span><br \/><span style=\"color: #969696;\"><a style=\"color: #969696;\" href=\"mailto:bordo.kapela@gmail.com\">bordo.kapela@gmail.com<\/a><\/span><\/p>\t\t\t\t\t\t\t\t<\/div>\n\t\t\t\t<\/div>\n\t\t\t\t\t<\/div>\n\t\t<\/div>\n\t\t\t\t<div class=\"elementor-column elementor-col-33 elementor-top-column elementor-element elementor-element-e0f4dc3\" data-id=\"e0f4dc3\" data-element_type=\"column\" data-e-type=\"column\">\n\t\t\t<div class=\"elementor-widget-wrap elementor-element-populated\">\n\t\t\t\t\t\t<div class=\"elementor-element elementor-element-7bbed16 elementor-widget elementor-widget-image\" data-id=\"7bbed16\" data-element_type=\"widget\" data-e-type=\"widget\" data-widget_type=\"image.default\">\n\t\t\t\t<div class=\"elementor-widget-container\">\n\t\t\t\t\t\t\t\t\t\t\t\t\t\t\t\t<a href=\"https:\/\/bordoband.cz\">\n\t\t\t\t\t\t\t<img decoding=\"async\" width=\"300\" height=\"159\" src=\"https:\/\/bordoband.cz\/wp-content\/uploads\/2020\/02\/White_Logo_pozadi-300x159.png\" class=\"attachment-medium size-medium wp-image-3586\" alt=\"\" srcset=\"https:\/\/bordoband.cz\/wp-content\/uploads\/2020\/02\/White_Logo_pozadi-300x159.png 300w, https:\/\/bordoband.cz\/wp-content\/uploads\/2020\/02\/White_Logo_pozadi-768x406.png 768w, https:\/\/bordoband.cz\/wp-content\/uploads\/2020\/02\/White_Logo_pozadi.png 898w\" sizes=\"(max-width: 300px) 100vw, 300px\" \/>\t\t\t\t\t\t\t\t<\/a>\n\t\t\t\t\t\t\t\t\t\t\t\t\t\t\t<\/div>\n\t\t\t\t<\/div>\n\t\t\t\t\t<\/div>\n\t\t<\/div>\n\t\t\t\t<div class=\"elementor-column elementor-col-33 elementor-top-column elementor-element elementor-element-3a7d474\" data-id=\"3a7d474\" data-element_type=\"column\" data-e-type=\"column\">\n\t\t\t<div class=\"elementor-widget-wrap elementor-element-populated\">\n\t\t\t\t\t\t<div class=\"elementor-element elementor-element-d1420f2 elementor-shape-circle elementor-grid-0 e-grid-align-center elementor-invisible elementor-widget elementor-widget-social-icons\" data-id=\"d1420f2\" data-element_type=\"widget\" data-e-type=\"widget\" data-settings=\"{&quot;_animation&quot;:&quot;fadeInUp&quot;}\" data-widget_type=\"social-icons.default\">\n\t\t\t\t<div class=\"elementor-widget-container\">\n\t\t\t\t\t\t\t<div class=\"elementor-social-icons-wrapper elementor-grid\" role=\"list\">\n\t\t\t\t\t\t\t<span class=\"elementor-grid-item\" role=\"listitem\">\n\t\t\t\t\t<a class=\"elementor-icon elementor-social-icon elementor-social-icon-youtube elementor-repeater-item-c735d49\" href=\"https:\/\/www.youtube.com\/channel\/UCWbAukjDeW09pr5AwnYM4nQ\/featured\" target=\"_blank\">\n\t\t\t\t\t\t<span class=\"elementor-screen-only\">Youtube<\/span>\n\t\t\t\t\t\t\t\t\t\t\t\t\t<i class=\"fa fa-youtube\" aria-hidden=\"true\"><\/i>\n\t\t\t\t\t\t\t\t\t\t\t<\/a>\n\t\t\t\t<\/span>\n\t\t\t\t\t\t\t<span class=\"elementor-grid-item\" role=\"listitem\">\n\t\t\t\t\t<a class=\"elementor-icon elementor-social-icon elementor-social-icon-facebook elementor-repeater-item-171e2f4\" href=\"https:\/\/www.facebook.com\/BORDO-z-Roudnice-nad-Labem-741827972604929\/\" target=\"_blank\">\n\t\t\t\t\t\t<span class=\"elementor-screen-only\">Facebook<\/span>\n\t\t\t\t\t\t\t\t\t\t\t\t\t<i class=\"fa fa-facebook\" aria-hidden=\"true\"><\/i>\n\t\t\t\t\t\t\t\t\t\t\t<\/a>\n\t\t\t\t<\/span>\n\t\t\t\t\t<\/div>\n\t\t\t\t\t\t<\/div>\n\t\t\t\t<\/div>\n\t\t\t\t\t<\/div>\n\t\t<\/div>\n\t\t\t\t\t<\/div>\n\t\t<\/section>\n\t\t\t\t<\/div>\n\t\t","protected":false},"excerpt":{"rendered":"<p>Z\u00e1kladn\u00ed sestava, hostuj\u00edc\u00ed \u010dlenov\u00e9 Pavel \u201eFrito\u201c \u010cerven\u00fd \u2013 akustick\u00e1 kytara, zp\u011bvMilan \u201eKlobouk\u201c Laub \u2013 akustick\u00e1 kytara, elektrick\u00e1 kytara, zp\u011bvAlena Laub Habertizel \u2013 akordeon, zp\u011bv, rytmick\u00e9 n\u00e1strojeMichal Jel\u00ednek \u2013 basov\u00e1 kytaraZd\u011bnek<a href=\"https:\/\/bordoband.cz\/index.php\/kapela\/\" class=\"more-link\"><span class=\"readmore\">Pokra\u010dovat ve \u010dten\u00ed&#8230;<span class=\"screen-reader-text\">Kapela<\/span><\/span><\/a><\/p>\n","protected":false},"author":2,"featured_media":0,"parent":0,"menu_order":0,"comment_status":"closed","ping_status":"closed","template":"templates\/no-sidebar.php","meta":{"footnotes":""},"class_list":["post-33","page","type-page","status-publish","hentry"],"_links":{"self":[{"href":"https:\/\/bordoband.cz\/index.php\/wp-json\/wp\/v2\/pages\/33","targetHints":{"allow":["GET"]}}],"collection":[{"href":"https:\/\/bordoband.cz\/index.php\/wp-json\/wp\/v2\/pages"}],"about":[{"href":"https:\/\/bordoband.cz\/index.php\/wp-json\/wp\/v2\/types\/page"}],"author":[{"embeddable":true,"href":"https:\/\/bordoband.cz\/index.php\/wp-json\/wp\/v2\/users\/2"}],"replies":[{"embeddable":true,"href":"https:\/\/bordoband.cz\/index.php\/wp-json\/wp\/v2\/comments?post=33"}],"version-history":[{"count":152,"href":"https:\/\/bordoband.cz\/index.php\/wp-json\/wp\/v2\/pages\/33\/revisions"}],"predecessor-version":[{"id":5776,"href":"https:\/\/bordoband.cz\/index.php\/wp-json\/wp\/v2\/pages\/33\/revisions\/5776"}],"wp:attachment":[{"href":"https:\/\/bordoband.cz\/index.php\/wp-json\/wp\/v2\/media?parent=33"}],"curies":[{"name":"wp","href":"https:\/\/api.w.org\/{rel}","templated":true}]}}