{"id":2,"date":"2019-02-12T15:42:31","date_gmt":"2019-02-12T14:42:31","guid":{"rendered":"http:\/\/localhost\/wp\/wp481\/?page_id=2"},"modified":"2024-10-17T19:46:50","modified_gmt":"2024-10-17T17:46:50","slug":"uvod","status":"publish","type":"page","link":"https:\/\/bordoband.cz\/","title":{"rendered":"\u00davod"},"content":{"rendered":"\t\t<div data-elementor-type=\"wp-post\" data-elementor-id=\"2\" class=\"elementor elementor-2\" data-elementor-post-type=\"page\">\n\t\t\t\t\t\t<section class=\"elementor-section elementor-top-section elementor-element elementor-element-649f41 elementor-section-boxed elementor-section-height-default elementor-section-height-default\" data-id=\"649f41\" data-element_type=\"section\" data-e-type=\"section\">\n\t\t\t\t\t\t<div class=\"elementor-container elementor-column-gap-default\">\n\t\t\t\t\t<div class=\"elementor-column elementor-col-100 elementor-top-column elementor-element elementor-element-50f798dc\" data-id=\"50f798dc\" data-element_type=\"column\" data-e-type=\"column\">\n\t\t\t<div class=\"elementor-widget-wrap elementor-element-populated\">\n\t\t\t\t\t\t<div class=\"elementor-element elementor-element-5329d9b9 elementor-invisible elementor-widget elementor-widget-text-editor\" data-id=\"5329d9b9\" data-element_type=\"widget\" data-e-type=\"widget\" data-settings=\"{&quot;_animation&quot;:&quot;fadeIn&quot;}\" data-widget_type=\"text-editor.default\">\n\t\t\t\t<div class=\"elementor-widget-container\">\n\t\t\t\t\t\t\t\t\t<p><\/p>\n<hr class=\"wp-block-separator is-style-default\" \/>\n<p><\/p>\n<p><span style=\"color: #ffffff;\">Bordo je kapela v\u00fdhradn\u011b autorsk\u00e1, je\u017e se dala dohromady v listopadu 2013, kdy Pavel \u201eFrito\u201c \u010cerven\u00fd, frontman kapely Vyn\u00e1lez zk\u00e1zy, oslovil Milana Lauba, frontmana rockov\u00e9ho kolektivu Bad, s t\u00edm, \u017ee by r\u00e1d zalo\u017eil kapelu akusticky rockov\u00e9ho zam\u011b\u0159en\u00ed a pro za\u010d\u00e1tek vyu\u017eil texty a p\u00edsn\u011b ze sv\u00fdch \u0161upl\u00edk\u016f. Postupem \u010dasu do kapely p\u0159ibyli (a nebo z kapely ode\u0161li) dal\u0161\u00ed hudebn\u00edci a m\u011bnilo se i n\u00e1strojov\u00e9 slo\u017een\u00ed.<\/span><\/p>\n<p><span style=\"color: #ffffff;\">Kapela ve spolupr\u00e1ci se studiem \u201eKobdzey\u201c Tom\u00e1\u0161e Ka\u0161para nahr\u00e1la dv\u011b alba. Nejprve bylo 7. kv\u011btna 2015 v roudnick\u00e9m klubu Renda pok\u0159t\u011bno CD s n\u00e1zvem \u201eOtisky\u201c, kdy se role kmotr\u016f ujali <strong>Ivan Ml\u00e1dek<\/strong> a v\u00fdtvarn\u00edk, airbrush ilustr\u00e1tor a autor bookletu <strong>Karel Kopic<\/strong>. Ivan tak\u00e9 na toto CD nahr\u00e1l a nazp\u00edval bonusov\u00fd song \u201eMoje sestra Kate\u201c. V z\u00e1\u0159ijov\u00e9m \u010d\u00edsle \u010dasopisu Rock and All 2015 nad\u011blil v recenzi hudebn\u00ed publicista Petr Kor\u00e1l \u201eOtisk\u016fm\u201c t\u0159i a p\u016fl hv\u011bzdy z p\u011bti mo\u017en\u00fdch. Druh\u00e9 album \u201eNoc pln\u00e1 vlkodlak\u016f\u201c bylo pok\u0159t\u011bno 3. \u010dervna 2017 vodou z Labe v kr\u00e1sn\u00e9m ob\u010derstvi\u0161ti U Trumpetky v Lounk\u00e1ch &#8211; Chodounech.<\/span><\/p>\n<p><span style=\"color: #ffffff;\">Kapela r\u00e1da to\u010d\u00ed klipy; doposud vznikla \u010dty\u0159i takov\u00e1 d\u00edlka. Na ja\u0159e 2016 spat\u0159ilo sv\u011btlo sv\u011bta video k p\u00edsni \u201eBalada o smrti\u201c a v l\u00e9t\u011b 2017 vznikl bl\u00e1zniv\u00fd klip s hudebn\u00edm doprovodem p\u00edsni\u010dky \u201eV p\u0159\u00edstavn\u00ed kr\u010dm\u011b\u201c. V zim\u011b 2017 p\u0159ibyla do videografie zamy\u0161len\u00e1 V\u00e1no\u010dn\u00ed a v l\u00e9t\u011b 2018 naopak drsn\u011bj\u0161\u00ed Star\u00fd r\u00e1ny. V\u0161echna d\u00edla vznikala pod re\u017ei\u00ed\u00a0<\/span><a href=\"http:\/\/www.junekfilm.cz\/\"><span style=\"color: #00ccff;\">studia P\u00e1ji Junka<\/span><\/a><span style=\"color: #ffffff;\">.<\/span><\/p>\n<p>\u00a0<\/p>\n<p><\/p>\n<p><\/p>\t\t\t\t\t\t\t\t<\/div>\n\t\t\t\t<\/div>\n\t\t\t\t\t<\/div>\n\t\t<\/div>\n\t\t\t\t\t<\/div>\n\t\t<\/section>\n\t\t\t\t<section class=\"elementor-section elementor-top-section elementor-element elementor-element-1fae68d elementor-section-boxed elementor-section-height-default elementor-section-height-default\" data-id=\"1fae68d\" data-element_type=\"section\" data-e-type=\"section\">\n\t\t\t\t\t\t<div class=\"elementor-container elementor-column-gap-default\">\n\t\t\t\t\t<div class=\"elementor-column elementor-col-50 elementor-top-column elementor-element elementor-element-fc82bf0\" data-id=\"fc82bf0\" data-element_type=\"column\" data-e-type=\"column\">\n\t\t\t<div class=\"elementor-widget-wrap elementor-element-populated\">\n\t\t\t\t\t\t<div class=\"elementor-element elementor-element-e85ecfd elementor-widget elementor-widget-text-editor\" data-id=\"e85ecfd\" data-element_type=\"widget\" data-e-type=\"widget\" data-widget_type=\"text-editor.default\">\n\t\t\t\t<div class=\"elementor-widget-container\">\n\t\t\t\t\t\t\t\t\t<p style=\"text-align: left;\"><span style=\"color: #ffffff; font-family: var( --e-global-typography-text-font-family ), Sans-serif; font-weight: var( --e-global-typography-text-font-weight ); font-size: 1.125rem;\">Mimo pravideln\u00e9ho koncertov\u00e1n\u00ed se kapela tak\u00e9 dvakr\u00e1t, v letech 2015 a 2016, z\u00fa\u010dastnila prastar\u00e9 hudebn\u00ed sout\u011b\u017ee Porta.\u00a0<\/span><\/p>\n<p style=\"text-align: left;\"><span style=\"color: #ffffff; font-family: var( --e-global-typography-text-font-family ), Sans-serif; font-weight: var( --e-global-typography-text-font-weight ); font-size: 1.125rem;\">V roce 2015 z\u00edskala 1. m\u00edsto v div\u00e1ck\u00e9 sout\u011b\u017ei v oblastn\u00edm kole Porty.<\/span><\/p>\t\t\t\t\t\t\t\t<\/div>\n\t\t\t\t<\/div>\n\t\t\t\t\t<\/div>\n\t\t<\/div>\n\t\t\t\t<div class=\"elementor-column elementor-col-50 elementor-top-column elementor-element elementor-element-48534cc\" data-id=\"48534cc\" data-element_type=\"column\" data-e-type=\"column\">\n\t\t\t<div class=\"elementor-widget-wrap elementor-element-populated\">\n\t\t\t\t\t\t<div class=\"elementor-element elementor-element-5831f91 elementor-widget elementor-widget-image\" data-id=\"5831f91\" data-element_type=\"widget\" data-e-type=\"widget\" data-widget_type=\"image.default\">\n\t\t\t\t<div class=\"elementor-widget-container\">\n\t\t\t\t\t\t\t\t\t\t\t\t\t\t\t\t<a href=\"https:\/\/bordoband.cz\/wp-content\/uploads\/2024\/10\/Porta.jpg\" data-elementor-open-lightbox=\"yes\" data-elementor-lightbox-title=\"Porta\" data-e-action-hash=\"#elementor-action%3Aaction%3Dlightbox%26settings%3DeyJpZCI6NTgwNiwidXJsIjoiaHR0cHM6XC9cL2JvcmRvYmFuZC5jelwvd3AtY29udGVudFwvdXBsb2Fkc1wvMjAyNFwvMTBcL1BvcnRhLmpwZyJ9\">\n\t\t\t\t\t\t\t<img fetchpriority=\"high\" decoding=\"async\" width=\"208\" height=\"300\" src=\"https:\/\/bordoband.cz\/wp-content\/uploads\/2024\/10\/Porta-208x300.jpg\" class=\"attachment-medium size-medium wp-image-5806\" alt=\"\" srcset=\"https:\/\/bordoband.cz\/wp-content\/uploads\/2024\/10\/Porta-208x300.jpg 208w, https:\/\/bordoband.cz\/wp-content\/uploads\/2024\/10\/Porta-709x1024.jpg 709w, https:\/\/bordoband.cz\/wp-content\/uploads\/2024\/10\/Porta-768x1110.jpg 768w, https:\/\/bordoband.cz\/wp-content\/uploads\/2024\/10\/Porta.jpg 863w\" sizes=\"(max-width: 208px) 100vw, 208px\" \/>\t\t\t\t\t\t\t\t<\/a>\n\t\t\t\t\t\t\t\t\t\t\t\t\t\t\t<\/div>\n\t\t\t\t<\/div>\n\t\t\t\t\t<\/div>\n\t\t<\/div>\n\t\t\t\t\t<\/div>\n\t\t<\/section>\n\t\t\t\t<section class=\"elementor-section elementor-top-section elementor-element elementor-element-fece843 elementor-section-boxed elementor-section-height-default elementor-section-height-default\" data-id=\"fece843\" data-element_type=\"section\" data-e-type=\"section\">\n\t\t\t\t\t\t<div class=\"elementor-container elementor-column-gap-default\">\n\t\t\t\t\t<div class=\"elementor-column elementor-col-100 elementor-top-column elementor-element elementor-element-09ba191\" data-id=\"09ba191\" data-element_type=\"column\" data-e-type=\"column\">\n\t\t\t<div class=\"elementor-widget-wrap elementor-element-populated\">\n\t\t\t\t\t\t<div class=\"elementor-element elementor-element-b66a700 elementor-widget-divider--view-line elementor-invisible elementor-widget elementor-widget-divider\" data-id=\"b66a700\" data-element_type=\"widget\" data-e-type=\"widget\" data-settings=\"{&quot;_animation&quot;:&quot;fadeIn&quot;}\" data-widget_type=\"divider.default\">\n\t\t\t\t<div class=\"elementor-widget-container\">\n\t\t\t\t\t\t\t<div class=\"elementor-divider\">\n\t\t\t<span class=\"elementor-divider-separator\">\n\t\t\t\t\t\t<\/span>\n\t\t<\/div>\n\t\t\t\t\t\t<\/div>\n\t\t\t\t<\/div>\n\t\t\t\t\t<\/div>\n\t\t<\/div>\n\t\t\t\t\t<\/div>\n\t\t<\/section>\n\t\t\t\t<section class=\"elementor-section elementor-top-section elementor-element elementor-element-cddb949 elementor-section-content-middle elementor-section-boxed elementor-section-height-default elementor-section-height-default elementor-invisible\" data-id=\"cddb949\" data-element_type=\"section\" data-e-type=\"section\" data-settings=\"{&quot;animation&quot;:&quot;fadeIn&quot;}\">\n\t\t\t\t\t\t<div class=\"elementor-container elementor-column-gap-default\">\n\t\t\t\t\t<div class=\"elementor-column elementor-col-33 elementor-top-column elementor-element elementor-element-17ff7aa\" data-id=\"17ff7aa\" data-element_type=\"column\" data-e-type=\"column\">\n\t\t\t<div class=\"elementor-widget-wrap elementor-element-populated\">\n\t\t\t\t\t\t<div class=\"elementor-element elementor-element-a305f33 elementor-invisible elementor-widget elementor-widget-text-editor\" data-id=\"a305f33\" data-element_type=\"widget\" data-e-type=\"widget\" data-settings=\"{&quot;_animation&quot;:&quot;fadeIn&quot;}\" data-widget_type=\"text-editor.default\">\n\t\t\t\t<div class=\"elementor-widget-container\">\n\t\t\t\t\t\t\t\t\t<p><span style=\"color: #969696;\"><strong><br \/>Kapela Bordo<br \/><\/strong>Roudnice nad Labem<\/span><br \/><span style=\"color: #969696;\">+420 774 190 379<\/span><br \/><span style=\"color: #969696;\"><a style=\"color: #969696;\" href=\"mailto:bordo.kapela@gmail.com\">bordo.kapela@gmail.com<\/a><\/span><\/p>\t\t\t\t\t\t\t\t<\/div>\n\t\t\t\t<\/div>\n\t\t\t\t\t<\/div>\n\t\t<\/div>\n\t\t\t\t<div class=\"elementor-column elementor-col-33 elementor-top-column elementor-element elementor-element-8d15d8c\" data-id=\"8d15d8c\" data-element_type=\"column\" data-e-type=\"column\">\n\t\t\t<div class=\"elementor-widget-wrap elementor-element-populated\">\n\t\t\t\t\t\t<div class=\"elementor-element elementor-element-e38e04a elementor-widget elementor-widget-image\" data-id=\"e38e04a\" data-element_type=\"widget\" data-e-type=\"widget\" data-widget_type=\"image.default\">\n\t\t\t\t<div class=\"elementor-widget-container\">\n\t\t\t\t\t\t\t\t\t\t\t\t\t\t\t\t<a href=\"https:\/\/bordoband.cz\">\n\t\t\t\t\t\t\t<img decoding=\"async\" width=\"300\" height=\"159\" src=\"https:\/\/bordoband.cz\/wp-content\/uploads\/2020\/02\/White_Logo_pozadi-300x159.png\" class=\"attachment-medium size-medium wp-image-3586\" alt=\"\" srcset=\"https:\/\/bordoband.cz\/wp-content\/uploads\/2020\/02\/White_Logo_pozadi-300x159.png 300w, https:\/\/bordoband.cz\/wp-content\/uploads\/2020\/02\/White_Logo_pozadi-768x406.png 768w, https:\/\/bordoband.cz\/wp-content\/uploads\/2020\/02\/White_Logo_pozadi.png 898w\" sizes=\"(max-width: 300px) 100vw, 300px\" \/>\t\t\t\t\t\t\t\t<\/a>\n\t\t\t\t\t\t\t\t\t\t\t\t\t\t\t<\/div>\n\t\t\t\t<\/div>\n\t\t\t\t\t<\/div>\n\t\t<\/div>\n\t\t\t\t<div class=\"elementor-column elementor-col-33 elementor-top-column elementor-element elementor-element-08a60b2\" data-id=\"08a60b2\" data-element_type=\"column\" data-e-type=\"column\">\n\t\t\t<div class=\"elementor-widget-wrap elementor-element-populated\">\n\t\t\t\t\t\t<div class=\"elementor-element elementor-element-8f9e777 elementor-shape-circle elementor-grid-0 e-grid-align-center elementor-invisible elementor-widget elementor-widget-social-icons\" data-id=\"8f9e777\" data-element_type=\"widget\" data-e-type=\"widget\" data-settings=\"{&quot;_animation&quot;:&quot;fadeInUp&quot;}\" data-widget_type=\"social-icons.default\">\n\t\t\t\t<div class=\"elementor-widget-container\">\n\t\t\t\t\t\t\t<div class=\"elementor-social-icons-wrapper elementor-grid\" role=\"list\">\n\t\t\t\t\t\t\t<span class=\"elementor-grid-item\" role=\"listitem\">\n\t\t\t\t\t<a class=\"elementor-icon elementor-social-icon elementor-social-icon-youtube elementor-repeater-item-c735d49\" href=\"https:\/\/www.youtube.com\/channel\/UCWbAukjDeW09pr5AwnYM4nQ\/featured\" target=\"_blank\">\n\t\t\t\t\t\t<span class=\"elementor-screen-only\">Youtube<\/span>\n\t\t\t\t\t\t\t\t\t\t\t\t\t<i class=\"fa fa-youtube\" aria-hidden=\"true\"><\/i>\n\t\t\t\t\t\t\t\t\t\t\t<\/a>\n\t\t\t\t<\/span>\n\t\t\t\t\t\t\t<span class=\"elementor-grid-item\" role=\"listitem\">\n\t\t\t\t\t<a class=\"elementor-icon elementor-social-icon elementor-social-icon-facebook elementor-repeater-item-171e2f4\" href=\"https:\/\/www.facebook.com\/BORDO-z-Roudnice-nad-Labem-741827972604929\/\" target=\"_blank\">\n\t\t\t\t\t\t<span class=\"elementor-screen-only\">Facebook<\/span>\n\t\t\t\t\t\t\t\t\t\t\t\t\t<i class=\"fa fa-facebook\" aria-hidden=\"true\"><\/i>\n\t\t\t\t\t\t\t\t\t\t\t<\/a>\n\t\t\t\t<\/span>\n\t\t\t\t\t<\/div>\n\t\t\t\t\t\t<\/div>\n\t\t\t\t<\/div>\n\t\t\t\t\t<\/div>\n\t\t<\/div>\n\t\t\t\t\t<\/div>\n\t\t<\/section>\n\t\t\t\t<section class=\"elementor-section elementor-top-section elementor-element elementor-element-ee67fbc elementor-section-boxed elementor-section-height-default elementor-section-height-default\" data-id=\"ee67fbc\" data-element_type=\"section\" data-e-type=\"section\">\n\t\t\t\t\t\t<div class=\"elementor-container elementor-column-gap-default\">\n\t\t\t\t\t<div class=\"elementor-column elementor-col-100 elementor-top-column elementor-element elementor-element-24a6534\" data-id=\"24a6534\" data-element_type=\"column\" data-e-type=\"column\">\n\t\t\t<div class=\"elementor-widget-wrap elementor-element-populated\">\n\t\t\t\t\t\t<div class=\"elementor-element elementor-element-57e5729 elementor-widget elementor-widget-text-editor\" data-id=\"57e5729\" data-element_type=\"widget\" data-e-type=\"widget\" data-widget_type=\"text-editor.default\">\n\t\t\t\t<div class=\"elementor-widget-container\">\n\t\t\t\t\t\t\t\t\t<p><span style=\"color: #ffffff; font-family: var( --e-global-typography-text-font-family ), Sans-serif; font-weight: var( --e-global-typography-text-font-weight ); font-size: 1.125rem;\">Mimo pravideln\u00e9ho koncertov\u00e1n\u00ed se kapela tak\u00e9 dvakr\u00e1t, v letech 2015 a 2016, z\u00fa\u010dastnila prastar\u00e9 hudebn\u00ed sout\u011b\u017ee Porta. V roce 2015 z\u00edskala 1. m\u00edsto v div\u00e1ck\u00e9 sout\u011b\u017ei v oblastn\u00edm kole Porty.<\/span><\/p>\t\t\t\t\t\t\t\t<\/div>\n\t\t\t\t<\/div>\n\t\t\t\t\t<\/div>\n\t\t<\/div>\n\t\t\t\t\t<\/div>\n\t\t<\/section>\n\t\t\t\t<\/div>\n\t\t","protected":false},"excerpt":{"rendered":"<p>Bordo je kapela v\u00fdhradn\u011b autorsk\u00e1, je\u017e se dala dohromady v listopadu 2013, kdy Pavel \u201eFrito\u201c \u010cerven\u00fd, frontman kapely Vyn\u00e1lez zk\u00e1zy, oslovil Milana Lauba, frontmana rockov\u00e9ho kolektivu Bad, s t\u00edm, \u017ee<a href=\"https:\/\/bordoband.cz\/\" class=\"more-link\"><span class=\"readmore\">Pokra\u010dovat ve \u010dten\u00ed&#8230;<span class=\"screen-reader-text\">\u00davod<\/span><\/span><\/a><\/p>\n","protected":false},"author":2,"featured_media":0,"parent":0,"menu_order":0,"comment_status":"closed","ping_status":"closed","template":"","meta":{"footnotes":""},"class_list":["post-2","page","type-page","status-publish","hentry"],"_links":{"self":[{"href":"https:\/\/bordoband.cz\/index.php\/wp-json\/wp\/v2\/pages\/2","targetHints":{"allow":["GET"]}}],"collection":[{"href":"https:\/\/bordoband.cz\/index.php\/wp-json\/wp\/v2\/pages"}],"about":[{"href":"https:\/\/bordoband.cz\/index.php\/wp-json\/wp\/v2\/types\/page"}],"author":[{"embeddable":true,"href":"https:\/\/bordoband.cz\/index.php\/wp-json\/wp\/v2\/users\/2"}],"replies":[{"embeddable":true,"href":"https:\/\/bordoband.cz\/index.php\/wp-json\/wp\/v2\/comments?post=2"}],"version-history":[{"count":75,"href":"https:\/\/bordoband.cz\/index.php\/wp-json\/wp\/v2\/pages\/2\/revisions"}],"predecessor-version":[{"id":5822,"href":"https:\/\/bordoband.cz\/index.php\/wp-json\/wp\/v2\/pages\/2\/revisions\/5822"}],"wp:attachment":[{"href":"https:\/\/bordoband.cz\/index.php\/wp-json\/wp\/v2\/media?parent=2"}],"curies":[{"name":"wp","href":"https:\/\/api.w.org\/{rel}","templated":true}]}}